{"id":15390,"date":"2016-06-20T12:11:08","date_gmt":"2016-06-20T11:11:08","guid":{"rendered":"http:\/\/transinsular.pt\/?page_id=15390"},"modified":"2024-10-07T10:02:11","modified_gmt":"2024-10-07T09:02:11","slug":"home","status":"publish","type":"page","link":"https:\/\/www.transinsular.pt\/en\/","title":{"rendered":"Home"},"content":{"rendered":"<p>[vc_row type=&#8221;full_width_section&#8221; text_align=&#8221;center&#8221; top_padding=&#8221;50&#8243; bottom_padding=&#8221;50&#8243; class=&#8221;hide&#8221; bg_type=&#8221;u_iframe&#8221; u_video_url=&#8221;https:\/\/www.youtube.com\/watch?v=wv1eIP0KzZY?enablejsapi=1&#8243; video_opts=&#8221;loop,muted&#8221; viewport_vdo=&#8221;viewport_play&#8221; bg_override=&#8221;ex-full&#8221; enable_overlay=&#8221;enable_overlay_value&#8221; overlay_color=&#8221;rgba(0,0,0,0.2)&#8221; overlay_pattern=&#8221;transperant&#8221;][vc_column column_padding=&#8221;custom-padding&#8221; column_custompadding=&#8221;100px 50px !important&#8221; column_center=&#8221;true&#8221; text_align=&#8221;center&#8221; width=&#8221;1\/1&#8243;]<h1 class=\"headline font-inherit fontsize-xxxl fontweight-700 lh-14 align-center transform-uppercase \" style=\"margin: 0 0 40px 0; color: #ffffff;\">A sua carga<br \/>\nO nosso compromisso<\/h1><div class=\"single_image wpb_content_element align-center   \" data-animation=\"none\" data-delay=\"0\"><img loading=\"lazy\" decoding=\"async\" width=\"178\" height=\"6\" src=\"https:\/\/www.transinsular.pt\/wp-content\/uploads\/2016\/06\/bandeira_titulos.png\" class=\"attachment-full\" alt=\"\" srcset=\"https:\/\/www.transinsular.pt\/wp-content\/uploads\/2016\/06\/bandeira_titulos.png 178w, https:\/\/www.transinsular.pt\/wp-content\/uploads\/2016\/06\/bandeira_titulos-150x6.png 150w\" sizes=\"auto, (max-width: 178px) 100vw, 178px\" \/><\/div><h1 class=\"headline font-inherit fontsize-xxl fontweight-700 lh-14 align-center transform-uppercase \" style=\"margin: 20px 0 0; color: #ffffff;\">Your cargo<br \/>\nOur commitment<\/h1>[\/vc_column][\/vc_row][vc_row bg_color=&#8221;#ecf0f3&#8243; text_align=&#8221;center&#8221; top_padding=&#8221;40&#8243; bottom_padding=&#8221;40&#8243;][vc_column width=&#8221;1\/6&#8243;][\/vc_column][vc_column width=&#8221;2\/3&#8243;][vc_row_inner el_class=&#8221;buttons&#8221;][vc_column_inner]<a href=\"https:\/\/www.transinsular.pt\/servicos\/\" target=\"_self\" class=\"button custom large \" style=\"background-color: #003477; border-color: #003477;border-radius: 2px;\">Schedules <\/a>[\/vc_column_inner][\/vc_row_inner][\/vc_column][vc_column width=&#8221;1\/6&#8243;][\/vc_column][\/vc_row][vc_row bg_color=&#8221;#1f6999&#8243; top_padding=&#8221;40&#8243; bottom_padding=&#8221;40&#8243; row_id=&#8221;servicos&#8221; bg_position=&#8221;left top&#8221;][vc_column width=&#8221;1\/1&#8243;]<h1 class=\"headline font-special fontsize-xxl fontweight-700 lh-14 align-center transform-uppercase \" style=\"margin: 0; color: #ffffff;\">TRANSINSULAR SERVICES<\/h1><div class=\"single_image wpb_content_element align-center   \" data-animation=\"none\" data-delay=\"0\"><img loading=\"lazy\" decoding=\"async\" width=\"178\" height=\"6\" src=\"https:\/\/www.transinsular.pt\/wp-content\/uploads\/2016\/06\/bandeira_titulos.png\" class=\"attachment-full\" alt=\"\" srcset=\"https:\/\/www.transinsular.pt\/wp-content\/uploads\/2016\/06\/bandeira_titulos.png 178w, https:\/\/www.transinsular.pt\/wp-content\/uploads\/2016\/06\/bandeira_titulos-150x6.png 150w\" sizes=\"auto, (max-width: 178px) 100vw, 178px\" \/><\/div><h2 class=\"headline font-inherit fontsize-m fontweight-inherit lh-inherit align-center transform-inherit \" style=\"margin: -20px 0 0; color: #ffffff;\">Services tailored to our customer&#8217;s cargo needs<\/h2>[\/vc_column][\/vc_row][vc_row bg_color=&#8221;#1f6999&#8243; section_arrow=&#8221;false&#8221; bottom_padding=&#8221;40&#8243; class=&#8221;bigger&#8221; bg_position=&#8221;left top&#8221;][vc_column el_class=&#8221;bigger&#8221; width=&#8221;1\/3&#8243;]<div class=\"imagebox wpb_content_element style-2\"><div class=\"imagebox-img\"><a href='#'><img decoding=\"async\" src=\"https:\/\/www.transinsular.pt\/wp-content\/uploads\/2021\/03\/23-copy-e1659693464785.jpg\" alt=\"\" \/><\/a><\/div>\n<h6>Our Services<\/h6>\n<p>We connect Portugal mainland to the archipelagos of the Azores and Madeira, Africa, Northern Europe, Baltic, the Mediterranean, the American continent and Asian markets.<\/p>\n<p><a href=\"https:\/\/transinsular.pt\/en\/servicos\/\">Know More<\/a><\/div><div class=\"imagebox wpb_content_element style-2\"><div class=\"imagebox-img\"><a href='\/graneis\/'><img decoding=\"async\" src=\"https:\/\/www.transinsular.pt\/wp-content\/uploads\/2016\/06\/servicos4.jpg\" alt=\"\" \/><\/a><\/div>\n<h6>Bulk<\/h6>\n<p>This service covers the transport of non-containerized cargo, homogeneous or not, without schedules or pre-defined timing, and it is based on the principle of &#8220;one cargo, one ship&#8221;.<\/p>\n<p><a href=\"https:\/\/transinsular.pt\/en\/ajuda\/#contactos\">Saber mais<\/a><\/div>[\/vc_column][vc_column el_class=&#8221;bigger&#8221; width=&#8221;1\/3&#8243;]<div class=\"imagebox wpb_content_element style-2\"><div class=\"imagebox-img\"><a href='#'><img decoding=\"async\" src=\"https:\/\/www.transinsular.pt\/wp-content\/uploads\/2018\/04\/DSC_0317.jpg\" alt=\"\" \/><\/a><\/div>\n<h6>Reefer Cargo<\/h6>\n<p>Refrigerated containers | reefers are used to transport perishable cargo that require controlled temperature conditions such as: vegetables, fruit, fish, meat,\u00a0 pharmaceuticals, among others.<\/p>\n<p><a href=\"https:\/\/transinsular.pt\/en\/equipamentos\/\">Know More<\/a><\/div><div class=\"imagebox wpb_content_element style-2\"><div class=\"imagebox-img\"><a href='#'><img decoding=\"async\" src=\"https:\/\/www.transinsular.pt\/wp-content\/uploads\/2020\/11\/ilha-da-madeira-e1606410156848.png\" alt=\"\" \/><\/a><\/div>\n<h6>Chartering<\/h6>\n<p class=\"nice-scroll\">Management of charter-out and charter in contracts.<\/p>\n<p><a href=\"https:\/\/transinsular.pt\/en\/ajuda\/#contactos\">Know More<\/a><\/div>[\/vc_column][vc_column el_class=&#8221;bigger&#8221; width=&#8221;1\/3&#8243;]<div class=\"imagebox wpb_content_element style-2\"><div class=\"imagebox-img\"><a href='#'><img decoding=\"async\" src=\"https:\/\/www.transinsular.pt\/wp-content\/uploads\/2016\/06\/servicos3.jpg\" alt=\"\" \/><\/a><\/div>\n<h6>Special Cargo<\/h6>\n<p>We set up the transport solution to our Customer\u2019s needs, which may involve the development of Container prototypes that meet the load requirements.<\/div><div class=\"imagebox wpb_content_element style-2\"><div class=\"imagebox-img\"><a href='https:\/\/transinsular.pt\/en\/ajuda\/#agentes'><img decoding=\"async\" src=\"https:\/\/www.transinsular.pt\/wp-content\/uploads\/2016\/06\/servicos6.jpg\" alt=\"\" \/><\/a><\/div>\n<h6>Agents<\/h6>\n<p>We have a wide network of agents in mainland Portugal, in the archipelagos of the Azores and Madeira and in more than 20 countries in the world.<\/p>\n<p>&nbsp;<\/p>\n<p><a href=\"https:\/\/transinsular.pt\/en\/ajuda\/#agentes\">Know more<\/a><\/div>[\/vc_column][\/vc_row][vc_row bg_color=&#8221;#1f6999&#8243; text_align=&#8221;center&#8221; top_padding=&#8221;20&#8243; bottom_padding=&#8221;40&#8243;][vc_column width=&#8221;1\/6&#8243;][\/vc_column][vc_column width=&#8221;2\/3&#8243;][vc_row_inner el_class=&#8221;buttons&#8221;][vc_column_inner]<a href=\"https:\/\/transinsular.pt\/en\/pedido-cotacao\/\" target=\"_self\" class=\"button custom large \" style=\"background-color: #003477; border-color: #003477;border-radius: 2px;\">Rate Enquiry<\/a>[\/vc_column_inner][\/vc_row_inner][\/vc_column][vc_column bg_color=&#8221;#1f6999&#8243; width=&#8221;1\/6&#8243;][\/vc_column][\/vc_row][vc_row type=&#8221;full_width_section&#8221; bg_image=&#8221;15498&#8243; bg_repeat=&#8221;no-repeat&#8221; parallax_bg=&#8221;true&#8221; stellar_class=&#8221;fixed&#8221; top_padding=&#8221;0&#8243; bottom_padding=&#8221;0&#8243; row_id=&#8221;vantagens&#8221; bg_position=&#8221;left top&#8221;][vc_column column_center=&#8221;true&#8221; width=&#8221;1\/2&#8243;]<div class=\"single_image wpb_content_element align-center   \" data-animation=\"none\" data-delay=\"0\"><img loading=\"lazy\" decoding=\"async\" width=\"560\" height=\"361\" src=\"https:\/\/www.transinsular.pt\/wp-content\/uploads\/2016\/06\/vantagens_grafico.png\" class=\"attachment-full\" alt=\"\" srcset=\"https:\/\/www.transinsular.pt\/wp-content\/uploads\/2016\/06\/vantagens_grafico.png 560w, https:\/\/www.transinsular.pt\/wp-content\/uploads\/2016\/06\/vantagens_grafico-300x193.png 300w\" sizes=\"auto, (max-width: 560px) 100vw, 560px\" \/><\/div>[\/vc_column][vc_column bg_color=&#8221;rgba(255,255,255,0.85)&#8221; width=&#8221;1\/2&#8243;]<h1 class=\"headline font-special fontsize-xxl fontweight-700 lh-14 align-center transform-inherit \" style=\"margin: 0; color: #003477;\">STRONG ADVANTAGES OF TRANSINSULAR<\/h1><div class=\"single_image wpb_content_element align-center   \" data-animation=\"none\" data-delay=\"0\"><img loading=\"lazy\" decoding=\"async\" width=\"178\" height=\"6\" src=\"https:\/\/www.transinsular.pt\/wp-content\/uploads\/2016\/06\/bandeira_titulos_azul.png\" class=\"attachment-full\" alt=\"\" srcset=\"https:\/\/www.transinsular.pt\/wp-content\/uploads\/2016\/06\/bandeira_titulos_azul.png 178w, https:\/\/www.transinsular.pt\/wp-content\/uploads\/2016\/06\/bandeira_titulos_azul-150x6.png 150w\" sizes=\"auto, (max-width: 178px) 100vw, 178px\" \/><\/div><h2 class=\"headline font-inherit fontsize-m fontweight-inherit lh-inherit align-center transform-inherit \" style=\"margin: -20px 0 20px; color: #8fa5b7;\">The excellence of what we do, motivates the choice of our customers.<\/h2><div class=\"minti_carousel  grab-true dots\" data-columns=\"1\" data-tabletcolumns=\"1\" data-nav=\"false\" data-pagination=\"true\" data-autoplay=\"true\" data-animationtime=\"6000\">[vc_column_text el_class=&#8221;align-center&#8221;]<\/p>\n<div class=\"wpb_text_column wpb_content_element \">\n<div class=\"wpb_wrapper\">\n<p>&#8220;Being located on an island, shipping is of the outmost importance in our business. For decades Transinsular has been our privileged partner in this important function, of taking our products close to the consumer market. Since part of our products &#8211; namely cheese and butter &#8211; are perishable, the service of refrigerated containers is vital and in this aspect, Transinsular has really provided an excellent service. &#8221;<\/p>\n<\/div>\n<\/div>\n<h2 class=\"headline font-special fontsize-s fontweight-inherit lh-inherit align-center transform-inherit \" style=\"margin: 0; color: #8fa5b7;\">Jos\u00e9 Mancebo Soares, CEO, Pronicol- Produtos L\u00e1cteos S.A., November 2014<\/h2>\n<p>[\/vc_column_text][vc_column_text el_class=&#8221;align-center&#8221;]<\/p>\n<div class=\"wpb_text_column wpb_content_element \">\n<div class=\"wpb_wrapper\">\n<p>&#8220;We have been working with Transinsular for several years with the livestock and more recently with dairy products. It is a reliable company, precisely for the service it provides us every week. &#8221;<\/p>\n<\/div>\n<\/div>\n<h2 class=\"headline font-special fontsize-s fontweight-inherit lh-inherit align-center transform-inherit \" style=\"margin: 0; color: #8fa5b7;\">Francisco Barcelos, President, Quinta dos A\u00e7ores<\/h2>\n<p>[\/vc_column_text][vc_column_text el_class=&#8221;align-center&#8221;]<\/p>\n<div class=\"wpb_text_column wpb_content_element \">\n<div class=\"wpb_wrapper\">\n<p>&#8220;Without the partnership with Transinsular all our logistics would not be possible. Nowadays we have to send empty containers, olive oil and oil to our factories where we produce the canned tuna and then send them back to the mainland. &#8221;<\/p>\n<\/div>\n<\/div>\n<h2 class=\"headline font-special fontsize-s fontweight-inherit lh-inherit align-center transform-inherit \" style=\"margin: 0; color: #8fa5b7;\">Lu\u00eds Cumbrera Tavares, Administration Assistant, Cofaco<\/h2>\n<p>[\/vc_column_text][vc_column_text el_class=&#8221;align-center&#8221;]<\/p>\n<div class=\"wpb_text_column wpb_content_element \">\n<div class=\"wpb_wrapper\">\n<p>&#8220;In the todays business world, success also means partnering with companies who can guarantee a professional, efficient, fast delivery service based on a relationship, trust and mutual help. These were the qualities that we found in Transinsular professionals. In a relationship of years, Transinsular is part of our daily life, transporting our wood from Madeira Island to the Continent. &#8221;<\/p>\n<\/div>\n<\/div>\n<h2 class=\"headline font-special fontsize-s fontweight-inherit lh-inherit align-center transform-inherit \" style=\"margin: 0; color: #8fa5b7;\">Rui Pereira, Diretor, RSP Madeiras Lda<\/h2>\n<h2 class=\"headline font-special fontsize-s fontweight-inherit lh-inherit align-center transform-inherit \" style=\"margin: 0; color: #8fa5b7;\"><\/h2>\n<p>[\/vc_column_text][vc_column_text el_class=&#8221;align-center&#8221;]<\/p>\n<div class=\"wpb_text_column wpb_content_element \">\n<div class=\"wpb_wrapper\">\n<p>\u201cEnsuring a good transport service is a competitive advantage to mitigate the effects of the outermost regions of the Madeira Island. Over the years, Transinsular has been a trusted partner for transport of food (cereals, pasta, oil and bran) from the mailand to Madeira and from Madeira to the Azores and the Mainland. &#8221;<\/p>\n<\/div>\n<\/div>\n<h2 class=\"headline font-special fontsize-s fontweight-inherit lh-inherit align-center transform-inherit \" style=\"margin: 0; color: #8fa5b7;\">Carlos Batista, CEO, Insular &#8211; Produtos Alimentares S.A.<\/h2>\n<p>[\/vc_column_text][vc_column_text el_class=&#8221;align-center&#8221;]<\/p>\n<div class=\"wpb_text_column wpb_content_element \">\n<div class=\"wpb_wrapper\">\n<p>&#8220;Communication and mobility are key issues in island regions. The ease and speed with which people and goods are transported, particularly in regions with few natural resources, are indispensable factors for their development and economic growth. In the case of cement marketed by Cimentos Madeira and since the beginning of its activity in 1985, Transinsular has been an excellent partner by ensuring, with quality and high service levels provided, not only the transport of cement in bulk carriers, but also their Agency. Over the years Transinsular has been a key partner for Cimentos Madeira&#8217;s success. &#8221;<\/p>\n<\/div>\n<\/div>\n<h2 class=\"headline font-special fontsize-s fontweight-inherit lh-inherit align-center transform-inherit \" style=\"margin: 0; color: #8fa5b7;\">Jos\u00e9 Franco, CEO, Cimentos Madeira<\/h2>\n<p>[\/vc_column_text][vc_column_text el_class=&#8221;align-center&#8221;]<\/p>\n<div class=\"wpb_text_column wpb_content_element \">\n<div class=\"wpb_wrapper\">\n<p>&#8220;It is with pride and satisfaction that we acknowledge being part of the Transinsular Madeira \u2018s history. Likewise we recognize this partner as crucial in the success and progress of N\u00f3brega throughout our 53 years of existence. Transinsular&#8217;s transport services allow us, with confidence and security, to exceed the thousands of kilometers of ocean that separate the Madeira Island from the World, ensuring that our goods, refrigerated and frozen, are received in a secure and timely manner, something we have always counted from Transinsular. Nobrega Company praises Transinsular Madeira for its proximity and extremely efficient Service, not only caring for the regular operations, but also anticipating possible obstacles, always responding with solutions in a way that never compromises our operation. &#8221;<\/p>\n<\/div>\n<\/div>\n<h2 class=\"headline font-special fontsize-s fontweight-inherit lh-inherit align-center transform-inherit \" style=\"margin: 0; color: #8fa5b7;\">V\u00edtor Hugo N\u00f3brega, Manager, Ant\u00f3nio N. N\u00f3brega S.A.<\/h2>\n<p>[\/vc_column_text]<\/div>[\/vc_column][\/vc_row][vc_row bg_color=&#8221;#1f6999&#8243; top_padding=&#8221;40&#8243; bottom_padding=&#8221;40&#8243; row_id=&#8221;actividade&#8221; bg_position=&#8221;left top&#8221;][vc_column width=&#8221;1\/1&#8243;]<h1 class=\"headline font-special fontsize-xxl fontweight-700 lh-14 align-center transform-uppercase \" style=\"margin: 0; color: #ffffff;\">OUR ACTIVITY<\/h1><div class=\"single_image wpb_content_element align-center   \" data-animation=\"none\" data-delay=\"0\"><img loading=\"lazy\" decoding=\"async\" width=\"178\" height=\"6\" src=\"https:\/\/www.transinsular.pt\/wp-content\/uploads\/2016\/06\/bandeira_titulos.png\" class=\"attachment-full\" alt=\"\" srcset=\"https:\/\/www.transinsular.pt\/wp-content\/uploads\/2016\/06\/bandeira_titulos.png 178w, https:\/\/www.transinsular.pt\/wp-content\/uploads\/2016\/06\/bandeira_titulos-150x6.png 150w\" sizes=\"auto, (max-width: 178px) 100vw, 178px\" \/><\/div>[\/vc_column][\/vc_row][vc_row bg_color=&#8221;#1f6999&#8243; section_arrow=&#8221;false&#8221; bottom_padding=&#8221;40&#8243; class=&#8221;bigger&#8221; row_id=&#8221;nossaatividade&#8221; bg_position=&#8221;left top&#8221;][vc_column width=&#8221;1\/3&#8243;]<div class=\"imagebox wpb_content_element style-2\"><div class=\"imagebox-img\"><a href='#'><img decoding=\"async\" src=\"https:\/\/www.transinsular.pt\/wp-content\/uploads\/2016\/06\/aNossaActividade1.jpg\" alt=\"\" \/><\/a><\/div>\n<h6>INSTITUTIONAL MOVIE<\/h6>\n<p>We invite you to live our operation, to know our people and what we do.<\/p>\n<div id=\"modal-trg-txt-wrap-2874\" class=\"ult-modal-input-wrapper ult-adjust-bottom-margin  \"><span  data-ultimate-target='#modal-trg-txt-wrap-2874 .mycust'  data-responsive-json-new='{\"font-size\":\"\",\"line-height\":\"\"}'  style=\"color:#f60f60;cursor:pointer; \" data-class-id=\"content-69d5b8b2a7c32\" class=\"overlay-show ult-responsive mycust ult-align-left\" data-overlay-class=\"overlay-fade\">Watch<\/span><\/div>\n<div class=\"ult-overlay content-69d5b8b2a7c32 \" data-class=\"content-69d5b8b2a7c32\" id=\"button-click-overlay\" style=\"background:rgba(51,51,51,0.8); display:none;\">\n\t<div class=\"ult_modal ult-fade ult-block\">\n\t\t<div id=\"ult-modal-wrap-5646\" class=\"ult_modal-content ult-hide\" style=\"border-style:solid;border-width:2px;border-radius:0px;border-color:#333333;\">\n\t\t\t<div  data-ultimate-target='#ult-modal-wrap-5646 .ult_modal-body'  data-responsive-json-new='{\"font-size\":\"\",\"line-height\":\"\"}'  class=\"ult_modal-body ult-responsive ult-youtube\" style=\"\">\n\t\t\t<iframe loading=\"lazy\" src=\"https:\/\/www.youtube.com\/embed\/rie-0WgPsUI\" width=\"560\" height=\"315\" frameborder=\"0\" allowfullscreen=\"allowfullscreen\"><\/iframe>\n\t\t\t<\/div>\n\t<\/div>\n\t<\/div>\n\t<div class=\"ult-overlay-close\">Close<\/div>\n<\/div><\/div>[\/vc_column][vc_column width=&#8221;1\/3&#8243;]<div class=\"imagebox wpb_content_element style-2\"><div class=\"imagebox-img\"><a href='https:\/\/transinsular.pt\/pt\/folheto\/'><img decoding=\"async\" src=\"https:\/\/www.transinsular.pt\/wp-content\/uploads\/2018\/04\/MG_9520.jpg\" alt=\"\" \/><\/a><\/div>\n<h6>INSTITUTIONAL FLYER<\/h6>\n<p class=\"nice-scroll\">Check out out our\u00a0<a href=\"https:\/\/transinsular.pt\/en\/folheto\/\">Flipbook<\/a>.<\/p>\n<\/div>[\/vc_column][vc_column width=&#8221;1\/3&#8243;]<div class=\"imagebox wpb_content_element style-2\"><div class=\"imagebox-img\"><a href='#'><img decoding=\"async\" src=\"https:\/\/www.transinsular.pt\/wp-content\/uploads\/2016\/06\/aNossaActividade3.jpg\" alt=\"\" \/><\/a><\/div>\n<h6>NEWSCLIP<\/h6>\n<p>Read about relevant topics in the media about Transinsular and blue economy.<\/p>\n<p><a href=\"https:\/\/transinsular.pt\/en\/noticias\/\">Know More<\/a><\/div>[\/vc_column][\/vc_row][vc_row bg_color=&#8221;#1f6999&#8243; bottom_padding=&#8221;40&#8243;][vc_column width=&#8221;1\/6&#8243;][\/vc_column][vc_column width=&#8221;2\/3&#8243;][vc_row_inner el_class=&#8221;buttons&#8221;][vc_column_inner]<a href=\"https:\/\/transinsular.pt\/en\/pedido-cotacao\/\" target=\"_self\" class=\"button custom large \" style=\"background-color: #003477; border-color: #003477;border-radius: 2px;\">Rate Enquiry<\/a>[\/vc_column_inner][\/vc_row_inner][\/vc_column][vc_column bg_color=&#8221;#1f6999&#8243; width=&#8221;1\/6&#8243;][\/vc_column][\/vc_row]<\/p>","protected":false},"excerpt":{"rendered":"<p>[vc_row type=&#8221;full_width_section&#8221; text_align=&#8221;center&#8221; top_padding=&#8221;50&#8243; bottom_padding=&#8221;50&#8243; class=&#8221;hide&#8221; bg_type=&#8221;u_iframe&#8221; u_video_url=&#8221;https:\/\/www.youtube.com\/watch?v=wv1eIP0KzZY?enablejsapi=1&#8243; video_opts=&#8221;loop,muted&#8221; viewport_vdo=&#8221;viewport_play&#8221; bg_override=&#8221;ex-full&#8221; enable_overlay=&#8221;enable_overlay_value&#8221; overlay_color=&#8221;rgba(0,0,0,0.2)&#8221; overlay_pattern=&#8221;transperant&#8221;][vc_column column_padding=&#8221;custom-padding&#8221; column_custompadding=&#8221;100px 50px !important&#8221; column_center=&#8221;true&#8221; text_align=&#8221;center&#8221; width=&#8221;1\/1&#8243;][\/vc_column][\/vc_row][vc_row bg_color=&#8221;#ecf0f3&#8243; text_align=&#8221;center&#8221; top_padding=&#8221;40&#8243; bottom_padding=&#8221;40&#8243;][vc_column width=&#8221;1\/6&#8243;][\/vc_column][vc_column width=&#8221;2\/3&#8243;][vc_row_inner el_class=&#8221;buttons&#8221;][vc_column_inner][\/vc_column_inner][\/vc_row_inner][\/vc_column][vc_column width=&#8221;1\/6&#8243;][\/vc_column][\/vc_row][vc_row bg_color=&#8221;#1f6999&#8243; top_padding=&#8221;40&#8243; bottom_padding=&#8221;40&#8243; row_id=&#8221;servicos&#8221; bg_position=&#8221;left top&#8221;][vc_column width=&#8221;1\/1&#8243;][\/vc_column][\/vc_row][vc_row bg_color=&#8221;#1f6999&#8243; section_arrow=&#8221;false&#8221; bottom_padding=&#8221;40&#8243; class=&#8221;bigger&#8221; bg_position=&#8221;left top&#8221;][vc_column el_class=&#8221;bigger&#8221; width=&#8221;1\/3&#8243;][\/vc_column][vc_column el_class=&#8221;bigger&#8221; width=&#8221;1\/3&#8243;][\/vc_column][vc_column el_class=&#8221;bigger&#8221; width=&#8221;1\/3&#8243;][\/vc_column][\/vc_row][vc_row bg_color=&#8221;#1f6999&#8243; text_align=&#8221;center&#8221; top_padding=&#8221;20&#8243; bottom_padding=&#8221;40&#8243;][vc_column width=&#8221;1\/6&#8243;][\/vc_column][vc_column width=&#8221;2\/3&#8243;][vc_row_inner el_class=&#8221;buttons&#8221;][vc_column_inner][\/vc_column_inner][\/vc_row_inner][\/vc_column][vc_column bg_color=&#8221;#1f6999&#8243; width=&#8221;1\/6&#8243;][\/vc_column][\/vc_row][vc_row type=&#8221;full_width_section&#8221; bg_image=&#8221;15498&#8243; bg_repeat=&#8221;no-repeat&#8221; parallax_bg=&#8221;true&#8221; stellar_class=&#8221;fixed&#8221; top_padding=&#8221;0&#8243; bottom_padding=&#8221;0&#8243; row_id=&#8221;vantagens&#8221; bg_position=&#8221;left top&#8221;][vc_column column_center=&#8221;true&#8221; width=&#8221;1\/2&#8243;][\/vc_column][vc_column bg_color=&#8221;rgba(255,255,255,0.85)&#8221; width=&#8221;1\/2&#8243;][\/vc_column][\/vc_row][vc_row bg_color=&#8221;#1f6999&#8243; top_padding=&#8221;40&#8243; bottom_padding=&#8221;40&#8243; row_id=&#8221;actividade&#8221; bg_position=&#8221;left top&#8221;][vc_column width=&#8221;1\/1&#8243;][\/vc_column][\/vc_row][vc_row bg_color=&#8221;#1f6999&#8243; section_arrow=&#8221;false&#8221; bottom_padding=&#8221;40&#8243; class=&#8221;bigger&#8221; row_id=&#8221;nossaatividade&#8221; bg_position=&#8221;left top&#8221;][vc_column width=&#8221;1\/3&#8243;][\/vc_column][vc_column width=&#8221;1\/3&#8243;][\/vc_column][vc_column width=&#8221;1\/3&#8243;][\/vc_column][\/vc_row][vc_row bg_color=&#8221;#1f6999&#8243; bottom_padding=&#8221;40&#8243;][vc_column width=&#8221;1\/6&#8243;][\/vc_column][vc_column width=&#8221;2\/3&#8243;][vc_row_inner el_class=&#8221;buttons&#8221;][vc_column_inner][\/vc_column_inner][\/vc_row_inner][\/vc_column][vc_column bg_color=&#8221;#1f6999&#8243; width=&#8221;1\/6&#8243;][\/vc_column][\/vc_row]<\/p>\n","protected":false},"author":8,"featured_media":0,"parent":0,"menu_order":0,"comment_status":"closed","ping_status":"closed","template":"","meta":{"_exactmetrics_skip_tracking":false,"_exactmetrics_sitenote_active":false,"_exactmetrics_sitenote_note":"","_exactmetrics_sitenote_category":0,"footnotes":"","_links_to":"","_links_to_target":""},"class_list":["post-15390","page","type-page","status-publish","hentry"],"_links":{"self":[{"href":"https:\/\/www.transinsular.pt\/en\/wp-json\/wp\/v2\/pages\/15390","targetHints":{"allow":["GET"]}}],"collection":[{"href":"https:\/\/www.transinsular.pt\/en\/wp-json\/wp\/v2\/pages"}],"about":[{"href":"https:\/\/www.transinsular.pt\/en\/wp-json\/wp\/v2\/types\/page"}],"author":[{"embeddable":true,"href":"https:\/\/www.transinsular.pt\/en\/wp-json\/wp\/v2\/users\/8"}],"replies":[{"embeddable":true,"href":"https:\/\/www.transinsular.pt\/en\/wp-json\/wp\/v2\/comments?post=15390"}],"version-history":[{"count":538,"href":"https:\/\/www.transinsular.pt\/en\/wp-json\/wp\/v2\/pages\/15390\/revisions"}],"predecessor-version":[{"id":77562,"href":"https:\/\/www.transinsular.pt\/en\/wp-json\/wp\/v2\/pages\/15390\/revisions\/77562"}],"wp:attachment":[{"href":"https:\/\/www.transinsular.pt\/en\/wp-json\/wp\/v2\/media?parent=15390"}],"curies":[{"name":"wp","href":"https:\/\/api.w.org\/{rel}","templated":true}]}}