{"id":15448,"date":"2016-06-20T14:31:55","date_gmt":"2016-06-20T13:31:55","guid":{"rendered":"http:\/\/transinsular.pt\/?page_id=15448"},"modified":"2025-01-10T10:04:48","modified_gmt":"2025-01-10T09:04:48","slug":"ajuda","status":"publish","type":"page","link":"https:\/\/www.transinsular.pt\/en\/ajuda\/","title":{"rendered":"Help Centre"},"content":{"rendered":"<p>[vc_row type=&#8221;full_width_section&#8221; bg_image=&#8221;15746&#8243; bg_color=&#8221;#f9f9f9&#8243; top_padding=&#8221;260&#8243; bottom_padding=&#8221;260&#8243; class=&#8221;background-banner&#8221;][vc_column width=&#8221;1\/1&#8243;]<h1 class=\"headline font-special fontsize-xxxl fontweight-700 lh-14 align-center transform-uppercase \" style=\"margin: 0; color: #ffffff;\">ALWAYS CLOSEBY AND READY TO MEET YOUR TRANSPORTATION NEEDS<\/h1><div class=\"single_image wpb_content_element align-center   \" data-animation=\"none\" data-delay=\"0\"><img loading=\"lazy\" decoding=\"async\" width=\"178\" height=\"6\" src=\"https:\/\/www.transinsular.pt\/wp-content\/uploads\/2016\/06\/bandeira_titulos.png\" class=\"attachment-full\" alt=\"\" srcset=\"https:\/\/www.transinsular.pt\/wp-content\/uploads\/2016\/06\/bandeira_titulos.png 178w, https:\/\/www.transinsular.pt\/wp-content\/uploads\/2016\/06\/bandeira_titulos-150x6.png 150w\" sizes=\"auto, (max-width: 178px) 100vw, 178px\" \/><\/div>[\/vc_column][\/vc_row][vc_row bg_color=&#8221;#ecf0f3&#8243; top_padding=&#8221;40&#8243; row_id=&#8221;agentes&#8221; bg_position=&#8221;left top&#8221;][vc_column width=&#8221;1\/1&#8243;]<h1 class=\"headline font-special fontsize-xxl fontweight-700 lh-14 align-center transform-uppercase \" style=\"margin: 0; color: #003477;\">AGENTS<\/h1><div class=\"single_image wpb_content_element align-center   \" data-animation=\"none\" data-delay=\"0\"><img loading=\"lazy\" decoding=\"async\" width=\"178\" height=\"6\" src=\"https:\/\/www.transinsular.pt\/wp-content\/uploads\/2016\/06\/bandeira_titulos_azul.png\" class=\"attachment-full\" alt=\"\" srcset=\"https:\/\/www.transinsular.pt\/wp-content\/uploads\/2016\/06\/bandeira_titulos_azul.png 178w, https:\/\/www.transinsular.pt\/wp-content\/uploads\/2016\/06\/bandeira_titulos_azul-150x6.png 150w\" sizes=\"auto, (max-width: 178px) 100vw, 178px\" \/><\/div>[\/vc_column][\/vc_row][vc_row bg_color=&#8221;#ecf0f3&#8243;][vc_column width=&#8221;1\/6&#8243;][\/vc_column][vc_column width=&#8221;2\/3&#8243;]<h2 class=\"headline font-inherit fontsize-m fontweight-400 lh-inherit align-center transform-inherit \" style=\"margin: 20px 0; color: #003477;\">We are a local company that operates on a global scale.<\/h2>[vc_column_text]<\/p>\n<p style=\"text-align: center;\">Transinsular has a wide agent network in mainland Portugal, in the Autonomous Regions of the Azores and Madeira and in more than 20 countries in the world.<\/p>\n<p>[\/vc_column_text]<div class=\"spacer\" style=\"height: 40px;\"><\/div>[\/vc_column][vc_column width=&#8221;1\/6&#8243;][\/vc_column][\/vc_row][vc_row bg_color=&#8221;#ecf0f3&#8243;][vc_column width=&#8221;1\/1&#8243;]<div class=\"single_image wpb_content_element align-center   \" data-animation=\"none\" data-delay=\"0\"><img loading=\"lazy\" decoding=\"async\" width=\"832\" height=\"483\" src=\"https:\/\/www.transinsular.pt\/wp-content\/uploads\/2016\/06\/home.png\" class=\"attachment-full\" alt=\"\" srcset=\"https:\/\/www.transinsular.pt\/wp-content\/uploads\/2016\/06\/home.png 832w, https:\/\/www.transinsular.pt\/wp-content\/uploads\/2016\/06\/home-300x174.png 300w, https:\/\/www.transinsular.pt\/wp-content\/uploads\/2016\/06\/home-768x446.png 768w\" sizes=\"auto, (max-width: 832px) 100vw, 832px\" \/><\/div>[\/vc_column][\/vc_row][vc_row bg_color=&#8221;#ecf0f3&#8243;][vc_column width=&#8221;1\/1&#8243;]<div class=\"spacer\" style=\"height: 40px;\"><\/div>[\/vc_column][\/vc_row][vc_row bg_color=&#8221;#ecf0f3&#8243;][vc_column width=&#8221;1\/4&#8243;][\/vc_column][vc_column width=&#8221;1\/4&#8243;]<a href=\"\/agentes\" target=\"_self\" class=\"button custom medium \" style=\"background-color: #003477; border-color: #003477;border-radius: 2px;\">Agents<\/a>[\/vc_column][vc_column bg_color=&#8221;#ecf0f3&#8243; width=&#8221;1\/4&#8243;]<a href=\"http:\/\/app.transinsular.pt\/schedule\" target=\"_self\" class=\"button custom medium \" style=\"background-color: #003477; border-color: #003477;border-radius: 2px;\">Schedules<\/a>[\/vc_column][vc_column width=&#8221;1\/4&#8243;][\/vc_column][\/vc_row][vc_row bg_color=&#8221;#ecf0f3&#8243;][vc_column width=&#8221;1\/1&#8243;]<div class=\"spacer\" style=\"height: 40px;\"><\/div>[\/vc_column][\/vc_row][vc_row bg_image=&#8221;15711&#8243; parallax_bg=&#8221;true&#8221; bg_color=&#8221;#ecf0f3&#8243; top_padding=&#8221;80&#8243; bottom_padding=&#8221;40&#8243;][vc_column width=&#8221;1\/1&#8243;]<div class=\"minti_carousel  grab-false dots\" data-columns=\"3\" data-tabletcolumns=\"2\" data-nav=\"false\" data-pagination=\"true\" data-autoplay=\"false\" data-animationtime=\"4000\"><div class=\"imagebox wpb_content_element style-1\"><div class=\"imagebox-img\"><a href='http:\/\/transinsular.pt\/faqs\/'><img decoding=\"async\" src=\"https:\/\/www.transinsular.pt\/wp-content\/uploads\/2016\/06\/faqs.jpg\" alt=\"\" \/><\/a><\/div>\n<h3>FAQS<\/h3>\n<p><a href=\"http:\/\/transinsular.pt\/faqs\/\">Know More<\/a><\/div><div class=\"imagebox wpb_content_element style-1\"><div class=\"imagebox-img\"><a href='http:\/\/transinsular.pt\/glossario\/'><img decoding=\"async\" src=\"https:\/\/www.transinsular.pt\/wp-content\/uploads\/2016\/06\/glossario.jpg\" alt=\"\" \/><\/a><\/div>\n<h3>GLOSSARY<\/h3>\n<p><a href=\"http:\/\/transinsular.pt\/glossario\/\">Know More<\/a><\/div><div class=\"imagebox wpb_content_element style-1\"><div class=\"imagebox-img\"><a href='#support'><img decoding=\"async\" src=\"https:\/\/www.transinsular.pt\/wp-content\/uploads\/2016\/06\/ajuda_online.jpg\" alt=\"\" \/><\/a><\/div>\n<h3>Chat ONLINE<\/h3>\n<p><a href=\"#support\">Know More<\/a><\/div><\/div>[\/vc_column][\/vc_row][vc_row top_padding=&#8221;40&#8243; row_id=&#8221;contactos&#8221; bg_position=&#8221;left top&#8221;][vc_column width=&#8221;1\/1&#8243;]<h1 class=\"headline font-special fontsize-xxl fontweight-700 lh-14 align-center transform-uppercase \" style=\"margin: 0; color: #003477;\">CONTACTS<\/h1><div class=\"single_image wpb_content_element align-center   \" data-animation=\"none\" data-delay=\"0\"><img loading=\"lazy\" decoding=\"async\" width=\"178\" height=\"6\" src=\"https:\/\/www.transinsular.pt\/wp-content\/uploads\/2016\/06\/bandeira_titulos_azul.png\" class=\"attachment-full\" alt=\"\" srcset=\"https:\/\/www.transinsular.pt\/wp-content\/uploads\/2016\/06\/bandeira_titulos_azul.png 178w, https:\/\/www.transinsular.pt\/wp-content\/uploads\/2016\/06\/bandeira_titulos_azul-150x6.png 150w\" sizes=\"auto, (max-width: 178px) 100vw, 178px\" \/><\/div>[\/vc_column][\/vc_row][vc_row][vc_column width=&#8221;1\/1&#8243;]<div class=\"spacer\" style=\"height: 40px;\"><\/div>[\/vc_column][\/vc_row][vc_row type=&#8221;full_width_section&#8221; bg_position=&#8221;center center&#8221;][vc_column width=&#8221;1\/1&#8243;][vc_raw_html]JTNDaWZyYW1lJTIwc3JjJTNEJTIyaHR0cHMlM0ElMkYlMkZ3d3cuZ29vZ2xlLmNvbSUyRm1hcHMlMkZlbWJlZCUzRnBiJTNEJTIxMW0xOCUyMTFtMTIlMjExbTMlMjExZDMxMTMuNjIzMDU0ODAyNjg0JTIxMmQtOS4xNjQ3MzM0MjM3ODUxOTklMjEzZDM4LjcwMzUwMjA1ODEyMTEyNCUyMTJtMyUyMTFmMCUyMTJmMCUyMTNmMCUyMTNtMiUyMTFpMTAyNCUyMTJpNzY4JTIxNGYxMy4xJTIxM20zJTIxMW0yJTIxMXMweGQxOTM0YTUyN2MwYWMzMyUyNTNBMHhiN2RlM2EyYTEyYzM5MzE1JTIxMnNUcmFuc2luc3VsYXIlMjUyMFRyYW5zcG9ydGVzJTI1MjBNYXIlMjVDMyUyNUFEdGltb3MlMjUyMEluc3VsYXJlcyUyNTJDJTI1MjBTLkEuJTIxNWUwJTIxM20yJTIxMXNwdC1QVCUyMTJzcHQlMjE0djE3MjcxNzI4NzA2OTIlMjE1bTIlMjExc3B0LVBUJTIxMnNwdCUyMiUyMGhlaWdodCUzRCUyMjQ1MCUyMiUyMHN0eWxlJTNEJTIyYm9yZGVyJTNBMCUzQndpZHRoJTNBMTAwJTI1JTNCJTIyJTIwYWxsb3dmdWxsc2NyZWVuJTNEJTIyJTIyJTIwbG9hZGluZyUzRCUyMmxhenklMjIlMjByZWZlcnJlcnBvbGljeSUzRCUyMm5vLXJlZmVycmVyLXdoZW4tZG93bmdyYWRlJTIyJTNFJTNDJTJGaWZyYW1lJTNF[\/vc_raw_html][\/vc_column][\/vc_row][vc_row][vc_column width=&#8221;1\/1&#8243;]<div class=\"spacer\" style=\"height: 40px;\"><\/div>[\/vc_column][\/vc_row][vc_row][vc_column width=&#8221;1\/2&#8243;][vc_column_text]<strong><a href=\"\/transportes-maritimos-insulares-s-a\/\" target=\"_blank\" rel=\"noopener\">Transportes Mar\u00edtimos Insulares, S.A.<\/a><br \/>\n<\/strong>Rua Cintura do Porto de Lisboa \u00e0 Rocha Conde d&#8217;\u00d3bidos<br \/>\nEdif\u00edcio 104<br \/>\n1350-352 LISBOA<br \/>\nPortugal<br \/>\nTelefone: +351 211 128 000<br \/>\nEmail: <a href=\"mailto:transinsular@transinsular.pt\">transinsular@transinsular.pt<\/a><\/p>\n<p><strong>Domestic Lines<br \/>\n<\/strong>Email: <a href=\"mailto:lin.nacionais@transinsular.pt\">lin.nacionais@transinsular.pt<\/a><\/p>\n<p><strong>International Lines<br \/>\n<\/strong>Email: <a href=\"mailto:world@transinsular.pt\">world@transinsular.pt<\/a><\/p>\n<p><strong>Bulk and Chartering<br \/>\n<\/strong>Email: <a href=\"mailto:bulk@transinsular.pt\">bulk@transinsular.pt<\/a><\/p>\n<p><strong>Container Department<br \/>\n<\/strong>Email: <a href=\"mailto:joao.costa@transinsular.pt\">containers@transinsular.pt<\/a><\/p>\n<p><strong>Customer Service<\/strong><br \/>\n<strong>Lisboa<br \/>\n<\/strong>Email<strong>: <\/strong><a href=\"mailto:bulk@transinsular.pt\">cs.lisbon@transinsular.pt<\/a><strong><br \/>\nLeix\u00f5es<br \/>\n<\/strong>Email: <a href=\"mailto:bulk@transinsular.pt\">cs.oporto@transinsular.pt<\/a>[\/vc_column_text][\/vc_column][vc_column width=&#8221;1\/2&#8243;][vc_column_text]<strong><a href=\"\/transinsular-madeira\/\" target=\"_blank\" rel=\"noopener\">Transinsular Madeira<br \/>\n<\/a><\/strong>Edif\u00edcio Chor\u00e3o Ramalho,<br \/>\nAv. do Mar e Comunidades Madeirenses n\u00ba15, 2\u00ba Andar, Sala D<br \/>\n9000-054\u00a0 Funchal<br \/>\nPortugal<br \/>\nEmail: <a href=\"mailto:ti-madeira@transinsular.pt\">ti-madeira@transinsular.pt<\/a><\/p>\n<p><strong><a href=\"\/transinsular-acores\/\" target=\"_blank\" rel=\"noopener\">Transinsular A\u00e7ores \/ Marea\u00e7or<br \/>\n<\/a><\/strong>Avenida Infante D. Henrique<br \/>\n9500-769 Ponta Delgada<br \/>\nPortugal<br \/>\nTelefone: +351 296 001 001<br \/>\nEmail: <a href=\"mailto:tia-comercial@transinsular.pt\">tia-comercial@transinsular.pt<\/a>[\/vc_column_text][\/vc_column][\/vc_row][vc_row][vc_column width=&#8221;1\/1&#8243;]<div class=\"spacer\" style=\"height: 40px;\"><\/div>[\/vc_column][\/vc_row][vc_row type=&#8221;full_width_section&#8221; bg_color=&#8221;#ecf0f3&#8243; text_align=&#8221;center&#8221; top_padding=&#8221;30&#8243; bottom_padding=&#8221;30&#8243;][vc_column width=&#8221;1\/1&#8243;][vc_column_text]<\/p>\n<h2 style=\"text-align: center;\">CONTACT US<\/h2>\n<p>[\/vc_column_text][\/vc_column][\/vc_row][vc_row top_padding=&#8221;20&#8243; bottom_padding=&#8221;0&#8243; bg_position=&#8221;left top&#8221;][vc_column width=&#8221;1\/4&#8243;][\/vc_column][vc_column width=&#8221;1\/2&#8243;]\n<div class=\"wpcf7 no-js\" id=\"wpcf7-f4-o2\" lang=\"en-US\" dir=\"ltr\" data-wpcf7-id=\"4\">\n<div class=\"screen-reader-response\"><p role=\"status\" aria-live=\"polite\" aria-atomic=\"true\"><\/p> <ul><\/ul><\/div>\n<form action=\"\/en\/wp-json\/wp\/v2\/pages\/15448#wpcf7-f4-o2\" method=\"post\" class=\"wpcf7-form init\" aria-label=\"Contact form\" novalidate=\"novalidate\" data-status=\"init\">\n<fieldset class=\"hidden-fields-container\"><input type=\"hidden\" name=\"_wpcf7\" value=\"4\" \/><input type=\"hidden\" name=\"_wpcf7_version\" value=\"6.1.1\" \/><input type=\"hidden\" name=\"_wpcf7_locale\" value=\"en_US\" \/><input type=\"hidden\" name=\"_wpcf7_unit_tag\" value=\"wpcf7-f4-o2\" \/><input type=\"hidden\" name=\"_wpcf7_container_post\" value=\"0\" \/><input type=\"hidden\" name=\"_wpcf7_posted_data_hash\" value=\"\" \/><input type=\"hidden\" name=\"_wpcf7cf_hidden_group_fields\" value=\"[]\" \/><input type=\"hidden\" name=\"_wpcf7cf_hidden_groups\" value=\"[]\" \/><input type=\"hidden\" name=\"_wpcf7cf_visible_groups\" value=\"[]\" \/><input type=\"hidden\" name=\"_wpcf7cf_repeaters\" value=\"[]\" \/><input type=\"hidden\" name=\"_wpcf7cf_steps\" value=\"{}\" \/><input type=\"hidden\" name=\"_wpcf7cf_options\" value=\"{&quot;form_id&quot;:4,&quot;conditions&quot;:[],&quot;settings&quot;:{&quot;animation&quot;:&quot;yes&quot;,&quot;animation_intime&quot;:200,&quot;animation_outtime&quot;:200,&quot;conditions_ui&quot;:&quot;normal&quot;,&quot;notice_dismissed&quot;:false,&quot;notice_dismissed_update-cf7-5.5.6&quot;:true,&quot;notice_dismissed_update-cf7-6.1.1&quot;:true}}\" \/>\n<\/fieldset>\n<p>Name\n<\/p>\n<p><span class=\"wpcf7-form-control-wrap\" data-name=\"your-name\"><input size=\"40\" maxlength=\"400\" class=\"wpcf7-form-control wpcf7-text wpcf7-validates-as-required\" aria-required=\"true\" aria-invalid=\"false\" value=\"\" type=\"text\" name=\"your-name\" \/><\/span>\n<\/p>\n<p>E-mail\n<\/p>\n<p><span class=\"wpcf7-form-control-wrap\" data-name=\"your-email\"><input size=\"40\" maxlength=\"400\" class=\"wpcf7-form-control wpcf7-email wpcf7-validates-as-required wpcf7-text wpcf7-validates-as-email\" aria-required=\"true\" aria-invalid=\"false\" value=\"\" type=\"email\" name=\"your-email\" \/><\/span>\n<\/p>\n<p>Address\n<\/p>\n<p><span class=\"wpcf7-form-control-wrap\" data-name=\"your-morada\"><input size=\"40\" maxlength=\"400\" class=\"wpcf7-form-control wpcf7-text wpcf7-validates-as-required\" aria-required=\"true\" aria-invalid=\"false\" value=\"\" type=\"text\" name=\"your-morada\" \/><\/span>\n<\/p>\n<p>Message\n<\/p>\n<p><span class=\"wpcf7-form-control-wrap\" data-name=\"your-message\"><textarea cols=\"40\" rows=\"10\" maxlength=\"2000\" class=\"wpcf7-form-control wpcf7-textarea\" aria-invalid=\"false\" name=\"your-message\"><\/textarea><\/span>\n<\/p>\n<p><span class=\"wpcf7-form-control-wrap\" data-name=\"GDPR-acceptance\"><span class=\"wpcf7-form-control wpcf7-checkbox\"><span class=\"wpcf7-list-item first last\"><input type=\"checkbox\" name=\"GDPR-acceptance[]\" value=\"I agree to the collection and processing of my personal data by the ETE Group, under the terms mentioned above.\" \/><span class=\"wpcf7-list-item-label\">I agree to the collection and processing of my personal data by the ETE Group, under the terms mentioned above.<\/span><\/span><\/span><\/span>\n<\/p>\n<div style=\"margin-bottom:20px;\">\n\t<div id=\"cf7sr-69e0025f3b1d2\" class=\"cf7sr-g-recaptcha\" data-theme=\"light\" data-type=\"image\" data-size=\"normal\" data-sitekey=\"6Ld57U0UAAAAAGu-XPx_eDWIr4Tk-J2ExHuP99ED\"><\/div><span class=\"wpcf7-form-control-wrap cf7sr-recaptcha\" data-name=\"cf7sr-recaptcha\"><input type=\"hidden\" name=\"cf7sr-recaptcha\" value=\"\" class=\"wpcf7-form-control\"><\/span>\n\t<\/p>\n<\/div>\n<p style=\"text-align: center\"><input class=\"wpcf7-form-control wpcf7-submit has-spinner button center blue-bg\" type=\"submit\" value=\"Send\" \/>\n<\/p><input type='hidden' class='wpcf7-pum' value='{\"closepopup\":false,\"closedelay\":0,\"openpopup\":false,\"openpopup_id\":0}' \/><div class=\"wpcf7-response-output\" aria-hidden=\"true\"><\/div>\n<\/form>\n<\/div>\n[\/vc_column][vc_column width=&#8221;1\/4&#8243;][\/vc_column][\/vc_row][vc_row bg_color=&#8221;#ecf0f3&#8243;][vc_column width=&#8221;1\/1&#8243;]<div class=\"spacer\" style=\"height: 40px;\"><\/div>[\/vc_column][\/vc_row][vc_row bg_color=&#8221;#ecf0f3&#8243;][vc_column width=&#8221;1\/4&#8243;][\/vc_column][vc_column width=&#8221;1\/4&#8243;]<a href=\"\/pedido_cotacao\" target=\"_self\" class=\"button custom medium \" style=\"background-color: #003477; border-color: #003477;border-radius: 2px;\">Rate Enquiry<\/a>[\/vc_column][vc_column bg_color=&#8221;#ecf0f3&#8243; width=&#8221;1\/4&#8243;]<a href=\"#\" target=\"_self\" class=\"button custom medium support-btn\" style=\"background-color: #003477; border-color: #003477;border-radius: 2px;\">On Line Support<\/a>[\/vc_column][vc_column width=&#8221;1\/4&#8243;][\/vc_column][\/vc_row][vc_row bg_color=&#8221;#ecf0f3&#8243;][vc_column width=&#8221;1\/1&#8243;]<div class=\"spacer\" style=\"height: 40px;\"><\/div>[\/vc_column][\/vc_row]<\/p>","protected":false},"excerpt":{"rendered":"<p>[vc_row type=&#8221;full_width_section&#8221; bg_image=&#8221;15746&#8243; bg_color=&#8221;#f9f9f9&#8243; top_padding=&#8221;260&#8243; bottom_padding=&#8221;260&#8243; class=&#8221;background-banner&#8221;][vc_column width=&#8221;1\/1&#8243;][\/vc_column][\/vc_row][vc_row bg_color=&#8221;#ecf0f3&#8243; top_padding=&#8221;40&#8243; row_id=&#8221;agentes&#8221; bg_position=&#8221;left top&#8221;][vc_column width=&#8221;1\/1&#8243;][\/vc_column][\/vc_row][vc_row bg_color=&#8221;#ecf0f3&#8243;][vc_column width=&#8221;1\/6&#8243;][\/vc_column][vc_column width=&#8221;2\/3&#8243;][vc_column_text] Transinsular has a wide agent network in mainland Portugal, in the Autonomous Regions of the Azores and Madeira and in more than 20 countries in the world. [\/vc_column_text][\/vc_column][vc_column width=&#8221;1\/6&#8243;][\/vc_column][\/vc_row][vc_row bg_color=&#8221;#ecf0f3&#8243;][vc_column width=&#8221;1\/1&#8243;][\/vc_column][\/vc_row][vc_row bg_color=&#8221;#ecf0f3&#8243;][vc_column width=&#8221;1\/1&#8243;][\/vc_column][\/vc_row][vc_row bg_color=&#8221;#ecf0f3&#8243;][vc_column width=&#8221;1\/4&#8243;][\/vc_column][vc_column width=&#8221;1\/4&#8243;][\/vc_column][vc_column bg_color=&#8221;#ecf0f3&#8243; width=&#8221;1\/4&#8243;][\/vc_column][vc_column width=&#8221;1\/4&#8243;][\/vc_column][\/vc_row][vc_row bg_color=&#8221;#ecf0f3&#8243;][vc_column width=&#8221;1\/1&#8243;][\/vc_column][\/vc_row][vc_row bg_image=&#8221;15711&#8243; parallax_bg=&#8221;true&#8221; bg_color=&#8221;#ecf0f3&#8243; top_padding=&#8221;80&#8243; bottom_padding=&#8221;40&#8243;][vc_column width=&#8221;1\/1&#8243;][\/vc_column][\/vc_row][vc_row top_padding=&#8221;40&#8243; row_id=&#8221;contactos&#8221; bg_position=&#8221;left top&#8221;][vc_column width=&#8221;1\/1&#8243;][\/vc_column][\/vc_row][vc_row][vc_column width=&#8221;1\/1&#8243;][\/vc_column][\/vc_row][vc_row type=&#8221;full_width_section&#8221; bg_position=&#8221;center center&#8221;][vc_column width=&#8221;1\/1&#8243;][vc_raw_html]JTNDaWZyYW1lJTIwc3JjJTNEJTIyaHR0cHMlM0ElMkYlMkZ3d3cuZ29vZ2xlLmNvbSUyRm1hcHMlMkZlbWJlZCUzRnBiJTNEJTIxMW0xOCUyMTFtMTIlMjExbTMlMjExZDMxMTMuNjIzMDU0ODAyNjg0JTIxMmQtOS4xNjQ3MzM0MjM3ODUxOTklMjEzZDM4LjcwMzUwMjA1ODEyMTEyNCUyMTJtMyUyMTFmMCUyMTJmMCUyMTNmMCUyMTNtMiUyMTFpMTAyNCUyMTJpNzY4JTIxNGYxMy4xJTIxM20zJTIxMW0yJTIxMXMweGQxOTM0YTUyN2MwYWMzMyUyNTNBMHhiN2RlM2EyYTEyYzM5MzE1JTIxMnNUcmFuc2luc3VsYXIlMjUyMFRyYW5zcG9ydGVzJTI1MjBNYXIlMjVDMyUyNUFEdGltb3MlMjUyMEluc3VsYXJlcyUyNTJDJTI1MjBTLkEuJTIxNWUwJTIxM20yJTIxMXNwdC1QVCUyMTJzcHQlMjE0djE3MjcxNzI4NzA2OTIlMjE1bTIlMjExc3B0LVBUJTIxMnNwdCUyMiUyMGhlaWdodCUzRCUyMjQ1MCUyMiUyMHN0eWxlJTNEJTIyYm9yZGVyJTNBMCUzQndpZHRoJTNBMTAwJTI1JTNCJTIyJTIwYWxsb3dmdWxsc2NyZWVuJTNEJTIyJTIyJTIwbG9hZGluZyUzRCUyMmxhenklMjIlMjByZWZlcnJlcnBvbGljeSUzRCUyMm5vLXJlZmVycmVyLXdoZW4tZG93bmdyYWRlJTIyJTNFJTNDJTJGaWZyYW1lJTNF[\/vc_raw_html][\/vc_column][\/vc_row][vc_row][vc_column width=&#8221;1\/1&#8243;][\/vc_column][\/vc_row][vc_row][vc_column width=&#8221;1\/2&#8243;][vc_column_text]Transportes Mar\u00edtimos Insulares, S.A. Rua Cintura do Porto de Lisboa \u00e0 Rocha Conde d&#8217;\u00d3bidos Edif\u00edcio 104 1350-352 LISBOA Portugal Telefone: +351 211 128 000 Email: transinsular@transinsular.pt Domestic Lines Email: lin.nacionais@transinsular.pt International Lines Email: world@transinsular.pt Bulk and Chartering Email: bulk@transinsular.pt Container Department Email: containers@transinsular.pt Customer Service Lisboa Email: cs.lisbon@transinsular.pt Leix\u00f5es Email: cs.oporto@transinsular.pt[\/vc_column_text][\/vc_column][vc_column width=&#8221;1\/2&#8243;][vc_column_text]Transinsular Madeira Edif\u00edcio Chor\u00e3o Ramalho, Av. do Mar e Comunidades Madeirenses n\u00ba15, 2\u00ba Andar, Sala D 9000-054\u00a0 Funchal Portugal Email: ti-madeira@transinsular.pt Transinsular A\u00e7ores \/ Marea\u00e7or Avenida Infante D. Henrique 9500-769 Ponta Delgada Portugal Telefone: +351 296 001 001 Email: tia-comercial@transinsular.pt[\/vc_column_text][\/vc_column][\/vc_row][vc_row][vc_column width=&#8221;1\/1&#8243;][\/vc_column][\/vc_row][vc_row type=&#8221;full_width_section&#8221; bg_color=&#8221;#ecf0f3&#8243; text_align=&#8221;center&#8221; top_padding=&#8221;30&#8243; bottom_padding=&#8221;30&#8243;][vc_column width=&#8221;1\/1&#8243;][vc_column_text] CONTACT US [\/vc_column_text][\/vc_column][\/vc_row][vc_row top_padding=&#8221;20&#8243; bottom_padding=&#8221;0&#8243; bg_position=&#8221;left top&#8221;][vc_column width=&#8221;1\/4&#8243;][\/vc_column][vc_column width=&#8221;1\/2&#8243;][\/vc_column][vc_column width=&#8221;1\/4&#8243;][\/vc_column][\/vc_row][vc_row bg_color=&#8221;#ecf0f3&#8243;][vc_column width=&#8221;1\/1&#8243;][\/vc_column][\/vc_row][vc_row bg_color=&#8221;#ecf0f3&#8243;][vc_column width=&#8221;1\/4&#8243;][\/vc_column][vc_column width=&#8221;1\/4&#8243;][\/vc_column][vc_column bg_color=&#8221;#ecf0f3&#8243; width=&#8221;1\/4&#8243;][\/vc_column][vc_column width=&#8221;1\/4&#8243;][\/vc_column][\/vc_row][vc_row bg_color=&#8221;#ecf0f3&#8243;][vc_column width=&#8221;1\/1&#8243;][\/vc_column][\/vc_row]<\/p>\n","protected":false},"author":8,"featured_media":0,"parent":0,"menu_order":0,"comment_status":"closed","ping_status":"closed","template":"","meta":{"_exactmetrics_skip_tracking":false,"_exactmetrics_sitenote_active":false,"_exactmetrics_sitenote_note":"","_exactmetrics_sitenote_category":0,"footnotes":"","_links_to":"","_links_to_target":""},"class_list":["post-15448","page","type-page","status-publish","hentry"],"_links":{"self":[{"href":"https:\/\/www.transinsular.pt\/en\/wp-json\/wp\/v2\/pages\/15448","targetHints":{"allow":["GET"]}}],"collection":[{"href":"https:\/\/www.transinsular.pt\/en\/wp-json\/wp\/v2\/pages"}],"about":[{"href":"https:\/\/www.transinsular.pt\/en\/wp-json\/wp\/v2\/types\/page"}],"author":[{"embeddable":true,"href":"https:\/\/www.transinsular.pt\/en\/wp-json\/wp\/v2\/users\/8"}],"replies":[{"embeddable":true,"href":"https:\/\/www.transinsular.pt\/en\/wp-json\/wp\/v2\/comments?post=15448"}],"version-history":[{"count":205,"href":"https:\/\/www.transinsular.pt\/en\/wp-json\/wp\/v2\/pages\/15448\/revisions"}],"predecessor-version":[{"id":79668,"href":"https:\/\/www.transinsular.pt\/en\/wp-json\/wp\/v2\/pages\/15448\/revisions\/79668"}],"wp:attachment":[{"href":"https:\/\/www.transinsular.pt\/en\/wp-json\/wp\/v2\/media?parent=15448"}],"curies":[{"name":"wp","href":"https:\/\/api.w.org\/{rel}","templated":true}]}}