{"id":15390,"date":"2016-06-20T12:11:08","date_gmt":"2016-06-20T11:11:08","guid":{"rendered":"http:\/\/transinsular.pt\/?page_id=15390"},"modified":"2024-10-07T10:02:11","modified_gmt":"2024-10-07T09:02:11","slug":"home","status":"publish","type":"page","link":"https:\/\/www.transinsular.pt\/pt\/","title":{"rendered":"Home"},"content":{"rendered":"<p>[vc_row type=&#8221;full_width_section&#8221; text_align=&#8221;center&#8221; top_padding=&#8221;50&#8243; bottom_padding=&#8221;50&#8243; class=&#8221;hide&#8221; bg_type=&#8221;u_iframe&#8221; u_video_url=&#8221;https:\/\/www.youtube.com\/watch?v=wv1eIP0KzZY?enablejsapi=1&#8243; video_opts=&#8221;loop,muted&#8221; viewport_vdo=&#8221;viewport_play&#8221; bg_override=&#8221;ex-full&#8221; enable_overlay=&#8221;enable_overlay_value&#8221; overlay_color=&#8221;rgba(0,0,0,0.2)&#8221; overlay_pattern=&#8221;transperant&#8221;][vc_column column_padding=&#8221;custom-padding&#8221; column_custompadding=&#8221;100px 50px !important&#8221; column_center=&#8221;true&#8221; text_align=&#8221;center&#8221; width=&#8221;1\/1&#8243;]<h1 class=\"headline font-inherit fontsize-xxxl fontweight-700 lh-14 align-center transform-uppercase \" style=\"margin: 0 0 40px 0; color: #ffffff;\">A sua carga<br \/>\nO nosso compromisso<\/h1><div class=\"single_image wpb_content_element align-center   \" data-animation=\"none\" data-delay=\"0\"><img loading=\"lazy\" decoding=\"async\" width=\"178\" height=\"6\" src=\"https:\/\/www.transinsular.pt\/wp-content\/uploads\/2016\/06\/bandeira_titulos.png\" class=\"attachment-full\" alt=\"\" srcset=\"https:\/\/www.transinsular.pt\/wp-content\/uploads\/2016\/06\/bandeira_titulos.png 178w, https:\/\/www.transinsular.pt\/wp-content\/uploads\/2016\/06\/bandeira_titulos-150x6.png 150w\" sizes=\"auto, (max-width: 178px) 100vw, 178px\" \/><\/div><h1 class=\"headline font-inherit fontsize-xxl fontweight-700 lh-14 align-center transform-uppercase \" style=\"margin: 20px 0 0; color: #ffffff;\">Your cargo<br \/>\nOur commitment<\/h1>[\/vc_column][\/vc_row][vc_row bg_color=&#8221;#ecf0f3&#8243; text_align=&#8221;center&#8221; top_padding=&#8221;40&#8243; bottom_padding=&#8221;40&#8243;][vc_column width=&#8221;1\/6&#8243;][\/vc_column][vc_column width=&#8221;2\/3&#8243;][vc_row_inner el_class=&#8221;buttons&#8221;][vc_column_inner]<a href=\"https:\/\/www.transinsular.pt\/servicos\/\" target=\"_self\" class=\"button custom large \" style=\"background-color: #003477; border-color: #003477;border-radius: 2px;\">Pesquisar Itiner\u00e1rios<\/a>[\/vc_column_inner][\/vc_row_inner][\/vc_column][vc_column width=&#8221;1\/6&#8243;][\/vc_column][\/vc_row][vc_row bg_color=&#8221;#1f6999&#8243; top_padding=&#8221;40&#8243; bottom_padding=&#8221;40&#8243; row_id=&#8221;servicos&#8221; bg_position=&#8221;left top&#8221;][vc_column width=&#8221;1\/1&#8243;]<h1 class=\"headline font-special fontsize-xxl fontweight-700 lh-14 align-center transform-uppercase \" style=\"margin: 0; color: #ffffff;\">SERVI\u00c7OS TRANSINSULAR <\/h1><div class=\"single_image wpb_content_element align-center   \" data-animation=\"none\" data-delay=\"0\"><img loading=\"lazy\" decoding=\"async\" width=\"178\" height=\"6\" src=\"https:\/\/www.transinsular.pt\/wp-content\/uploads\/2016\/06\/bandeira_titulos.png\" class=\"attachment-full\" alt=\"\" srcset=\"https:\/\/www.transinsular.pt\/wp-content\/uploads\/2016\/06\/bandeira_titulos.png 178w, https:\/\/www.transinsular.pt\/wp-content\/uploads\/2016\/06\/bandeira_titulos-150x6.png 150w\" sizes=\"auto, (max-width: 178px) 100vw, 178px\" \/><\/div><h2 class=\"headline font-inherit fontsize-m fontweight-inherit lh-inherit align-center transform-inherit \" style=\"margin: -20px 0 0; color: #ffffff;\">Servi\u00e7os adaptados \u00e0s necessidades de carga dos nossos clientes<\/h2>[\/vc_column][\/vc_row][vc_row bg_color=&#8221;#1f6999&#8243; section_arrow=&#8221;false&#8221; bottom_padding=&#8221;40&#8243; class=&#8221;bigger&#8221; bg_position=&#8221;left top&#8221;][vc_column el_class=&#8221;bigger&#8221; width=&#8221;1\/3&#8243;]<div class=\"imagebox wpb_content_element style-2\"><div class=\"imagebox-img\"><a href='#'><img decoding=\"async\" src=\"https:\/\/www.transinsular.pt\/wp-content\/uploads\/2016\/06\/lagoa-aft-2-site.jpg\" alt=\"\" \/><\/a><\/div>\n<h6>Os Nossos Servi\u00e7os<\/h6>\n<p class=\"nice-scroll\">Ligamos Portugal Continental aos A\u00e7ores, Madeira e Cabo Verde e estes ao Norte da Europa, B\u00e1ltico,\u00a0Mediterr\u00e2neo e \u00c1sia.<\/p>\n<p><a href=\"http:\/\/transinsular.pt\/servicos\/\">Saber Mais<\/a><\/div><div class=\"imagebox wpb_content_element style-2\"><div class=\"imagebox-img\"><a href='\/graneis\/'><img decoding=\"async\" src=\"https:\/\/www.transinsular.pt\/wp-content\/uploads\/2016\/06\/servicos4.jpg\" alt=\"\" \/><\/a><\/div>\n<h6>Gran\u00e9is<\/h6>\n<p class=\"nice-scroll\">Este servi\u00e7o abrange o transporte de carga n\u00e3o contentorizada, homog\u00e9nea ou n\u00e3o, sem itiner\u00e1rios nem\u00a0regularidade pr\u00e9-definida e tem por base o princ\u00edpio \u201cuma carga, um navio\u201d.<\/p>\n<p><a href=\"\/graneis\/\">Saber mais<\/a><\/div>[\/vc_column][vc_column el_class=&#8221;bigger&#8221; width=&#8221;1\/3&#8243;]<div class=\"imagebox wpb_content_element style-2\"><div class=\"imagebox-img\"><a href='#'><img decoding=\"async\" src=\"https:\/\/www.transinsular.pt\/wp-content\/uploads\/2018\/04\/DSC_0317.jpg\" alt=\"\" \/><\/a><\/div>\n<h6>Carga Frigor\u00edfica<\/h6>\n<p class=\"nice-scroll\">Os Contentores frigor\u00edficos | reefers s\u00e3o utilizados para transportar carga perec\u00edvel que requer condi\u00e7\u00f5es de temperatura controlada, tal como: vegetais, frutas, peixe, carne, produtos farmac\u00eauticos entre outros.<\/p>\n<p><a href=\"https:\/\/transinsular.pt\/pt\/equipamentos\/#tipologia\">Saber Mais<\/a><\/div><div class=\"imagebox wpb_content_element style-2\"><div class=\"imagebox-img\"><a href='#'><img decoding=\"async\" src=\"https:\/\/www.transinsular.pt\/wp-content\/uploads\/2020\/11\/ilha-da-madeira-e1606410156848.png\" alt=\"\" \/><\/a><\/div>\n<h6>Fretamentos<\/h6>\n<p class=\"nice-scroll\">Realizamos fretamento de navios (Charter-Out) e afretamento (Charter-In), para fazer face \u00e0s necessidades do mercado e dos seus Clientes. Por favor contactar: Gran\u00e9is e Fretamentos<\/p>\n<p><a href=\"http:\/\/transinsular.pt\/pt\/ajuda\/#contactos\">Saber mais<\/a><\/div>[\/vc_column][vc_column el_class=&#8221;bigger&#8221; width=&#8221;1\/3&#8243;]<div class=\"imagebox wpb_content_element style-2\"><div class=\"imagebox-img\"><a href='#'><img decoding=\"async\" src=\"https:\/\/www.transinsular.pt\/wp-content\/uploads\/2016\/06\/servicos3.jpg\" alt=\"\" \/><\/a><\/div>\n<h6>Carga Especial<\/h6>\n<p class=\"nice-scroll\">Montamos\u00a0solu\u00e7\u00f5es de transporte \u00e0 medida das necessidades do nosso cliente, podendo implicar o\u00a0desenvolvimento de prot\u00f3tipos de contentores que respondam \u00e0s exig\u00eancias da carga.<\/p>\n<\/div><div class=\"imagebox wpb_content_element style-2\"><div class=\"imagebox-img\"><a href='http:\/\/transinsular.pt\/pt\/agentes\/'><img decoding=\"async\" src=\"https:\/\/www.transinsular.pt\/wp-content\/uploads\/2016\/06\/servicos6.jpg\" alt=\"\" \/><\/a><\/div>\n<h6>Agentes<\/h6>\n<p class=\"nice-scroll\">Temos uma vasta rede de agentes em Portugal continental, nas regi\u00f5es Aut\u00f3nomas dos A\u00e7ores e da\u00a0Madeira e em mais de 20 pa\u00edses do mundo.<\/p>\n<p>&nbsp;<\/p>\n<p><a href=\"http:\/\/transinsular.pt\/pt\/agentes\/\">Saber Mais<\/a><\/div>[\/vc_column][\/vc_row][vc_row bg_color=&#8221;#1f6999&#8243; text_align=&#8221;center&#8221; top_padding=&#8221;20&#8243; bottom_padding=&#8221;40&#8243;][vc_column width=&#8221;1\/6&#8243;][\/vc_column][vc_column width=&#8221;2\/3&#8243;][vc_row_inner el_class=&#8221;buttons&#8221;][vc_column_inner]<a href=\"http:\/\/transinsular.pt\/pedido-cotacao\/\" target=\"_self\" class=\"button custom large \" style=\"background-color: #003477; border-color: #003477;border-radius: 2px;\">Pedir Cota\u00e7\u00e3o<\/a>[\/vc_column_inner][\/vc_row_inner][\/vc_column][vc_column bg_color=&#8221;#1f6999&#8243; width=&#8221;1\/6&#8243;][\/vc_column][\/vc_row][vc_row type=&#8221;full_width_section&#8221; bg_image=&#8221;15498&#8243; bg_repeat=&#8221;no-repeat&#8221; parallax_bg=&#8221;true&#8221; stellar_class=&#8221;fixed&#8221; top_padding=&#8221;0&#8243; bottom_padding=&#8221;0&#8243; row_id=&#8221;vantagens&#8221; bg_position=&#8221;left top&#8221;][vc_column column_center=&#8221;true&#8221; width=&#8221;1\/2&#8243;]<div class=\"single_image wpb_content_element align-center   \" data-animation=\"none\" data-delay=\"0\"><img loading=\"lazy\" decoding=\"async\" width=\"560\" height=\"361\" src=\"https:\/\/www.transinsular.pt\/wp-content\/uploads\/2016\/06\/vantagens_grafico.png\" class=\"attachment-full\" alt=\"\" srcset=\"https:\/\/www.transinsular.pt\/wp-content\/uploads\/2016\/06\/vantagens_grafico.png 560w, https:\/\/www.transinsular.pt\/wp-content\/uploads\/2016\/06\/vantagens_grafico-300x193.png 300w\" sizes=\"auto, (max-width: 560px) 100vw, 560px\" \/><\/div>[\/vc_column][vc_column bg_color=&#8221;rgba(255,255,255,0.85)&#8221; width=&#8221;1\/2&#8243;]<h1 class=\"headline font-special fontsize-xxl fontweight-700 lh-14 align-center transform-inherit \" style=\"margin: 0; color: #003477;\">VANTAGENS DA<br \/>\nTRANSINSULAR<\/h1><div class=\"single_image wpb_content_element align-center   \" data-animation=\"none\" data-delay=\"0\"><img loading=\"lazy\" decoding=\"async\" width=\"178\" height=\"6\" src=\"https:\/\/www.transinsular.pt\/wp-content\/uploads\/2016\/06\/bandeira_titulos_azul.png\" class=\"attachment-full\" alt=\"\" srcset=\"https:\/\/www.transinsular.pt\/wp-content\/uploads\/2016\/06\/bandeira_titulos_azul.png 178w, https:\/\/www.transinsular.pt\/wp-content\/uploads\/2016\/06\/bandeira_titulos_azul-150x6.png 150w\" sizes=\"auto, (max-width: 178px) 100vw, 178px\" \/><\/div><h2 class=\"headline font-inherit fontsize-m fontweight-inherit lh-inherit align-center transform-inherit \" style=\"margin: -20px 0 20px; color: #8fa5b7;\">A excel\u00eancia do que fazemos motiva a escolha dos nossos clientes.<\/h2><div class=\"minti_carousel  grab-true dots\" data-columns=\"1\" data-tabletcolumns=\"1\" data-nav=\"false\" data-pagination=\"true\" data-autoplay=\"true\" data-animationtime=\"6000\">[vc_column_text el_class=&#8221;align-center&#8221;]<\/p>\n<div class=\"wpb_text_column wpb_content_element \">\n<div class=\"wpb_wrapper\">\n<p>\u201cEstando situado numa ilha, o transporte mar\u00edtimo assume uma import\u00e2ncia fulcral no nosso neg\u00f3cio.\u00a0Ao longo de d\u00e9cadas a Transinsular tem sido o nosso parceiro privilegiado nesta fun\u00e7\u00e3o importante, de\u00a0levar os nossos produtos at\u00e9 perto do mercado consumidor. Uma vez que parte dos nossos produtos \u2013nomeadamente o queijo e a manteiga \u2013 s\u00e3o perec\u00edveis, o servi\u00e7o dos contentores frigor\u00edficos \u00e9\u00a0fundamental e nesse aspeto, realmente a Transinsular tem prestado um excelente servi\u00e7o.\u201d<\/p>\n<\/div>\n<\/div>\n<h2 class=\"headline font-special fontsize-s fontweight-inherit lh-inherit align-center transform-inherit \" style=\"margin: 0; color: #8fa5b7;\">Jos\u00e9 Mancebo Soares, Administrador, Pronicol- Produtos L\u00e1cteos S.A., Novembro 2014<\/h2>\n<p>[\/vc_column_text][vc_column_text el_class=&#8221;align-center&#8221;]<\/p>\n<div class=\"wpb_text_column wpb_content_element \">\n<div class=\"wpb_wrapper\">\n<p>\u201cTrabalhamos com a Transinsular j\u00e1 h\u00e1 alguns anos a esta parte com os animais em vida e agora finalmente com produtos l\u00e1cteos. \u00c9 uma empresa em que a nossa empresa confia, precisamente pelo servi\u00e7o que nos presta todas as semanas.\u201d<\/p>\n<\/div>\n<\/div>\n<h2 class=\"headline font-special fontsize-s fontweight-inherit lh-inherit align-center transform-inherit \" style=\"margin: 0; color: #8fa5b7;\">Francisco Barcelos, Presidente, Quinta dos A\u00e7ores<\/h2>\n<p>[\/vc_column_text][vc_column_text el_class=&#8221;align-center&#8221;]<\/p>\n<div class=\"wpb_text_column wpb_content_element \">\n<div class=\"wpb_wrapper\">\n<p>\u201cSem a parceria com a Transinsular toda a nossa log\u00edstica n\u00e3o seria poss\u00edvel. Hoje em dia temos que enviar o vazio, azeite e o \u00f3leo para as nossas f\u00e1bricas onde produzimos as conservas de atum e posteriormente envi\u00e1-las para o continente.\u201d<\/p>\n<\/div>\n<\/div>\n<h2 class=\"headline font-special fontsize-s fontweight-inherit lh-inherit align-center transform-inherit \" style=\"margin: 0; color: #8fa5b7;\">Lu\u00eds Cumbrera Tavares, Adjunto Administra\u00e7\u00e3o, Cofaco<\/h2>\n<p>[\/vc_column_text][vc_column_text el_class=&#8221;align-center&#8221;]<\/p>\n<div class=\"wpb_text_column wpb_content_element \">\n<div class=\"wpb_wrapper\">\n<p>\u201cNo mundo empresarial, o sucesso passa, tamb\u00e9m, por aliarmo-nos a parceiros que nos garantam um servi\u00e7o profissional, eficaz, r\u00e1pido, que passe por uma rela\u00e7\u00e3o de confian\u00e7a e de entreajuda. Foram estas as qualidades que encontramos nos profissionais da Transinsular. Numa rela\u00e7\u00e3o de anos e num lidar quase di\u00e1rio, a Transinsular faz parte do nosso quotidiano, transportando a nossa madeira, da Ilha da Madeira para o Continente.\u201d<\/p>\n<\/div>\n<\/div>\n<h2 class=\"headline font-special fontsize-s fontweight-inherit lh-inherit align-center transform-inherit \" style=\"margin: 0; color: #8fa5b7;\">Rui Pereira, Diretor, RSP Madeiras Lda<\/h2>\n<h2 class=\"headline font-special fontsize-s fontweight-inherit lh-inherit align-center transform-inherit \" style=\"margin: 0; color: #8fa5b7;\"><\/h2>\n<p>[\/vc_column_text][vc_column_text el_class=&#8221;align-center&#8221;]<\/p>\n<div class=\"wpb_text_column wpb_content_element \">\n<div class=\"wpb_wrapper\">\n<p>\u201cA garantia de um bom servi\u00e7o de transporte mar\u00edtimo \u00e9 uma vantagem competitiva para atenuar os efeitos da ultraperiferia da ilha da Madeira.\u00a0 A Transinsular, ao longo dos anos, tem sido um parceiro de confian\u00e7a no que diz respeito ao transporte mar\u00edtimo\u00a0de bens alimentares (cereal, massas, \u00f3leo e s\u00eameas) do Continente para a Madeira e da Madeira para os A\u00e7ores e Continente.\u201d<\/p>\n<\/div>\n<\/div>\n<h2 class=\"headline font-special fontsize-s fontweight-inherit lh-inherit align-center transform-inherit \" style=\"margin: 0; color: #8fa5b7;\">Carlos Batista, Administrador, Insular &#8211; Produtos Alimentares S.A.<\/h2>\n<p>[\/vc_column_text][vc_column_text el_class=&#8221;align-center&#8221;]<\/p>\n<div class=\"wpb_text_column wpb_content_element \">\n<div class=\"wpb_wrapper\">\n<p>\u00a0\u201cAs comunica\u00e7\u00f5es e a mobilidade s\u00e3o quest\u00f5es fulcrais nas regi\u00f5es insulares. A facilidade e a rapidez com que se movimentam pessoas e mercadorias, particularmente em regi\u00f5es com poucos recursos naturais, s\u00e3o factores indispens\u00e1veis para o desenvolvimento e crescimento econ\u00f3mico das mesmas. No caso do cimento comercializado pela Cimentos Madeira e desde o in\u00edcio da sua actividade em 1985, a Transinsular foi um excelente parceiro assegurando com qualidade e elevado n\u00edvel do servi\u00e7o prestado, n\u00e3o s\u00f3 os transportes de cimento em navios graneleiros e auto descarregadores, como tamb\u00e9m o agenciamento destes. Ao longo dos anos a Transinsular tem sido um parceiro fundamental no sucesso da Cimentos Madeira.\u201d<\/p>\n<\/div>\n<\/div>\n<h2 class=\"headline font-special fontsize-s fontweight-inherit lh-inherit align-center transform-inherit \" style=\"margin: 0; color: #8fa5b7;\">Jos\u00e9 Franco, Administrador, Cimentos Madeira<\/h2>\n<p>[\/vc_column_text][vc_column_text el_class=&#8221;align-center&#8221;]<\/p>\n<div class=\"wpb_text_column wpb_content_element \">\n<div class=\"wpb_wrapper\">\n<p>\u201c\u00c9 com orgulho e satisfa\u00e7\u00e3o que reconhecemos fazer parte da hist\u00f3ria da Transinsular Madeira e da mesma forma reconhecer este parceiro como crucial no sucesso e progresso da N\u00f3brega ao longo dos nossos 53 anos de exist\u00eancia. Os servi\u00e7os de transportes da Transinsular permitem-nos, com confian\u00e7a e seguran\u00e7a, ultrapassar os milhares de quil\u00f3metros de oceano que separam a Madeira do Mundo, garantindo que a rece\u00e7\u00e3o das nossas mercadorias, refrigeradas e congeladas, em tempo \u00fatil e com a seguran\u00e7a que sempre exigimos e pudemos contar da Transinsular. A Transinsular Madeira \u00e9 reconhecida na N\u00f3brega pelo seu servi\u00e7o de proximidade e extremamente eficiente, n\u00e3o apenas atentos \u00e1 opera\u00e7\u00e3o regular, mas tamb\u00e9m antevendo eventuais obst\u00e1culos respondendo sempre com solu\u00e7\u00f5es alternativas de forma a nunca comprometer a nossa opera\u00e7\u00e3o.&#8221;<\/p>\n<\/div>\n<\/div>\n<h2 class=\"headline font-special fontsize-s fontweight-inherit lh-inherit align-center transform-inherit \" style=\"margin: 0; color: #8fa5b7;\">V\u00edtor Hugo N\u00f3brega, Director Geral, Ant\u00f3nio N. N\u00f3brega S.A.<\/h2>\n<p>[\/vc_column_text]<\/div>[\/vc_column][\/vc_row][vc_row bg_color=&#8221;#1f6999&#8243; top_padding=&#8221;40&#8243; bottom_padding=&#8221;40&#8243; row_id=&#8221;actividade&#8221; bg_position=&#8221;left top&#8221;][vc_column width=&#8221;1\/1&#8243;]<h1 class=\"headline font-special fontsize-xxl fontweight-700 lh-14 align-center transform-uppercase \" style=\"margin: 0; color: #ffffff;\">A NOSSA ATIVIDADE<\/h1><div class=\"single_image wpb_content_element align-center   \" data-animation=\"none\" data-delay=\"0\"><img loading=\"lazy\" decoding=\"async\" width=\"178\" height=\"6\" src=\"https:\/\/www.transinsular.pt\/wp-content\/uploads\/2016\/06\/bandeira_titulos.png\" class=\"attachment-full\" alt=\"\" srcset=\"https:\/\/www.transinsular.pt\/wp-content\/uploads\/2016\/06\/bandeira_titulos.png 178w, https:\/\/www.transinsular.pt\/wp-content\/uploads\/2016\/06\/bandeira_titulos-150x6.png 150w\" sizes=\"auto, (max-width: 178px) 100vw, 178px\" \/><\/div>[\/vc_column][\/vc_row][vc_row bg_color=&#8221;#1f6999&#8243; section_arrow=&#8221;false&#8221; bottom_padding=&#8221;40&#8243; class=&#8221;bigger&#8221; row_id=&#8221;nossaatividade&#8221; bg_position=&#8221;left top&#8221;][vc_column width=&#8221;1\/3&#8243;]<div class=\"imagebox wpb_content_element style-2\"><div class=\"imagebox-img\"><a href='#'><img decoding=\"async\" src=\"https:\/\/www.transinsular.pt\/wp-content\/uploads\/2016\/06\/aNossaActividade1.jpg\" alt=\"\" \/><\/a><\/div>\n<h6>V\u00cdDEO INSTITUCIONAL<\/h6>\n<p class=\"nice-scroll\">Convidamo-lo a viver a nossa opera\u00e7\u00e3o, a conhecer as nossas pessoas e a atividade.<\/p>\n<div id=\"modal-trg-txt-wrap-2705\" class=\"ult-modal-input-wrapper ult-adjust-bottom-margin  \"><span  data-ultimate-target='#modal-trg-txt-wrap-2705 .mycust'  data-responsive-json-new='{\"font-size\":\"\",\"line-height\":\"\"}'  style=\"color:#f60f60;cursor:pointer; \" data-class-id=\"content-69f27918df863\" class=\"overlay-show ult-responsive mycust ult-align-left\" data-overlay-class=\"overlay-fade\">Ver v\u00eddeo<\/span><\/div>\n<div class=\"ult-overlay content-69f27918df863 \" data-class=\"content-69f27918df863\" id=\"button-click-overlay\" style=\"background:rgba(51,51,51,0.8); display:none;\">\n\t<div class=\"ult_modal ult-fade ult-block\">\n\t\t<div id=\"ult-modal-wrap-9764\" class=\"ult_modal-content ult-hide\" style=\"border-style:solid;border-width:2px;border-radius:0px;border-color:#333333;\">\n\t\t\t<div  data-ultimate-target='#ult-modal-wrap-9764 .ult_modal-body'  data-responsive-json-new='{\"font-size\":\"\",\"line-height\":\"\"}'  class=\"ult_modal-body ult-responsive ult-youtube\" style=\"\">\n\t\t\t<iframe loading=\"lazy\" src=\"https:\/\/www.youtube.com\/embed\/rie-0WgPsUI\" width=\"560\" height=\"315\" frameborder=\"0\" allowfullscreen=\"allowfullscreen\"><\/iframe>\n\t\t\t<\/div>\n\t<\/div>\n\t<\/div>\n\t<div class=\"ult-overlay-close\">Close<\/div>\n<\/div><\/div>[\/vc_column][vc_column width=&#8221;1\/3&#8243;]<div class=\"imagebox wpb_content_element style-2\"><div class=\"imagebox-img\"><a href='https:\/\/transinsular.pt\/pt\/folheto\/'><img decoding=\"async\" src=\"https:\/\/www.transinsular.pt\/wp-content\/uploads\/2018\/04\/MG_9520.jpg\" alt=\"\" \/><\/a><\/div>\n<h6>BROCHURA INSTITUCIONAL<\/h6>\n<p class=\"nice-scroll\">Conhe\u00e7a a nossa <a href=\"https:\/\/transinsular.pt\/pt\/folheto\/\">Brochura Institucional<\/a>.<\/p>\n<\/div>[\/vc_column][vc_column width=&#8221;1\/3&#8243;]<div class=\"imagebox wpb_content_element style-2\"><div class=\"imagebox-img\"><a href='#'><img decoding=\"async\" src=\"https:\/\/www.transinsular.pt\/wp-content\/uploads\/2016\/06\/aNossaActividade3.jpg\" alt=\"\" \/><\/a><\/div>\n<h6>NOT\u00cdCIAS<\/h6>\n<p class=\"nice-scroll\">Alguns dos temas mais relevantes tratados nos media sobre a economia do mar e a\u00a0Transinsular.<\/p>\n<p><a href=\"http:\/\/transinsular.pt\/noticias\/\">Saber Mais<\/a><\/div>[\/vc_column][\/vc_row][vc_row bg_color=&#8221;#1f6999&#8243; bottom_padding=&#8221;40&#8243;][vc_column width=&#8221;1\/6&#8243;][\/vc_column][vc_column width=&#8221;2\/3&#8243;][vc_row_inner el_class=&#8221;buttons&#8221;][vc_column_inner]<a href=\"http:\/\/transinsular.pt\/pedido-cotacao\/\" target=\"_self\" class=\"button custom large \" style=\"background-color: #003477; border-color: #003477;border-radius: 2px;\">Pedir Cota\u00e7\u00e3o<\/a>[\/vc_column_inner][\/vc_row_inner][\/vc_column][vc_column bg_color=&#8221;#1f6999&#8243; width=&#8221;1\/6&#8243;][\/vc_column][\/vc_row]<\/p>","protected":false},"excerpt":{"rendered":"<p>[vc_row type=&#8221;full_width_section&#8221; text_align=&#8221;center&#8221; top_padding=&#8221;50&#8243; bottom_padding=&#8221;50&#8243; class=&#8221;hide&#8221; bg_type=&#8221;u_iframe&#8221; u_video_url=&#8221;https:\/\/www.youtube.com\/watch?v=wv1eIP0KzZY?enablejsapi=1&#8243; video_opts=&#8221;loop,muted&#8221; viewport_vdo=&#8221;viewport_play&#8221; bg_override=&#8221;ex-full&#8221; enable_overlay=&#8221;enable_overlay_value&#8221; overlay_color=&#8221;rgba(0,0,0,0.2)&#8221; overlay_pattern=&#8221;transperant&#8221;][vc_column column_padding=&#8221;custom-padding&#8221; column_custompadding=&#8221;100px 50px !important&#8221; column_center=&#8221;true&#8221; text_align=&#8221;center&#8221; width=&#8221;1\/1&#8243;][\/vc_column][\/vc_row][vc_row bg_color=&#8221;#ecf0f3&#8243; text_align=&#8221;center&#8221; top_padding=&#8221;40&#8243; bottom_padding=&#8221;40&#8243;][vc_column width=&#8221;1\/6&#8243;][\/vc_column][vc_column width=&#8221;2\/3&#8243;][vc_row_inner el_class=&#8221;buttons&#8221;][vc_column_inner][\/vc_column_inner][\/vc_row_inner][\/vc_column][vc_column width=&#8221;1\/6&#8243;][\/vc_column][\/vc_row][vc_row bg_color=&#8221;#1f6999&#8243; top_padding=&#8221;40&#8243; bottom_padding=&#8221;40&#8243; row_id=&#8221;servicos&#8221; bg_position=&#8221;left top&#8221;][vc_column width=&#8221;1\/1&#8243;][\/vc_column][\/vc_row][vc_row bg_color=&#8221;#1f6999&#8243; section_arrow=&#8221;false&#8221; bottom_padding=&#8221;40&#8243; class=&#8221;bigger&#8221; bg_position=&#8221;left top&#8221;][vc_column el_class=&#8221;bigger&#8221; width=&#8221;1\/3&#8243;][\/vc_column][vc_column el_class=&#8221;bigger&#8221; width=&#8221;1\/3&#8243;][\/vc_column][vc_column el_class=&#8221;bigger&#8221; width=&#8221;1\/3&#8243;][\/vc_column][\/vc_row][vc_row bg_color=&#8221;#1f6999&#8243; text_align=&#8221;center&#8221; top_padding=&#8221;20&#8243; bottom_padding=&#8221;40&#8243;][vc_column width=&#8221;1\/6&#8243;][\/vc_column][vc_column width=&#8221;2\/3&#8243;][vc_row_inner el_class=&#8221;buttons&#8221;][vc_column_inner][\/vc_column_inner][\/vc_row_inner][\/vc_column][vc_column bg_color=&#8221;#1f6999&#8243; width=&#8221;1\/6&#8243;][\/vc_column][\/vc_row][vc_row type=&#8221;full_width_section&#8221; bg_image=&#8221;15498&#8243; bg_repeat=&#8221;no-repeat&#8221; parallax_bg=&#8221;true&#8221; stellar_class=&#8221;fixed&#8221; top_padding=&#8221;0&#8243; bottom_padding=&#8221;0&#8243; row_id=&#8221;vantagens&#8221; bg_position=&#8221;left top&#8221;][vc_column column_center=&#8221;true&#8221; width=&#8221;1\/2&#8243;][\/vc_column][vc_column bg_color=&#8221;rgba(255,255,255,0.85)&#8221; width=&#8221;1\/2&#8243;][\/vc_column][\/vc_row][vc_row bg_color=&#8221;#1f6999&#8243; top_padding=&#8221;40&#8243; bottom_padding=&#8221;40&#8243; row_id=&#8221;actividade&#8221; bg_position=&#8221;left top&#8221;][vc_column width=&#8221;1\/1&#8243;][\/vc_column][\/vc_row][vc_row bg_color=&#8221;#1f6999&#8243; section_arrow=&#8221;false&#8221; bottom_padding=&#8221;40&#8243; class=&#8221;bigger&#8221; row_id=&#8221;nossaatividade&#8221; bg_position=&#8221;left top&#8221;][vc_column width=&#8221;1\/3&#8243;][\/vc_column][vc_column width=&#8221;1\/3&#8243;][\/vc_column][vc_column width=&#8221;1\/3&#8243;][\/vc_column][\/vc_row][vc_row bg_color=&#8221;#1f6999&#8243; bottom_padding=&#8221;40&#8243;][vc_column width=&#8221;1\/6&#8243;][\/vc_column][vc_column width=&#8221;2\/3&#8243;][vc_row_inner el_class=&#8221;buttons&#8221;][vc_column_inner][\/vc_column_inner][\/vc_row_inner][\/vc_column][vc_column bg_color=&#8221;#1f6999&#8243; width=&#8221;1\/6&#8243;][\/vc_column][\/vc_row]<\/p>\n","protected":false},"author":8,"featured_media":0,"parent":0,"menu_order":0,"comment_status":"closed","ping_status":"closed","template":"","meta":{"_exactmetrics_skip_tracking":false,"_exactmetrics_sitenote_active":false,"_exactmetrics_sitenote_note":"","_exactmetrics_sitenote_category":0,"footnotes":"","_links_to":"","_links_to_target":""},"class_list":["post-15390","page","type-page","status-publish","hentry"],"_links":{"self":[{"href":"https:\/\/www.transinsular.pt\/pt\/wp-json\/wp\/v2\/pages\/15390","targetHints":{"allow":["GET"]}}],"collection":[{"href":"https:\/\/www.transinsular.pt\/pt\/wp-json\/wp\/v2\/pages"}],"about":[{"href":"https:\/\/www.transinsular.pt\/pt\/wp-json\/wp\/v2\/types\/page"}],"author":[{"embeddable":true,"href":"https:\/\/www.transinsular.pt\/pt\/wp-json\/wp\/v2\/users\/8"}],"replies":[{"embeddable":true,"href":"https:\/\/www.transinsular.pt\/pt\/wp-json\/wp\/v2\/comments?post=15390"}],"version-history":[{"count":538,"href":"https:\/\/www.transinsular.pt\/pt\/wp-json\/wp\/v2\/pages\/15390\/revisions"}],"predecessor-version":[{"id":77562,"href":"https:\/\/www.transinsular.pt\/pt\/wp-json\/wp\/v2\/pages\/15390\/revisions\/77562"}],"wp:attachment":[{"href":"https:\/\/www.transinsular.pt\/pt\/wp-json\/wp\/v2\/media?parent=15390"}],"curies":[{"name":"wp","href":"https:\/\/api.w.org\/{rel}","templated":true}]}}