{"id":15444,"date":"2016-06-20T14:31:10","date_gmt":"2016-06-20T13:31:10","guid":{"rendered":"http:\/\/transinsular.pt\/?page_id=15444"},"modified":"2026-04-08T17:37:33","modified_gmt":"2026-04-08T16:37:33","slug":"servicos","status":"publish","type":"page","link":"https:\/\/www.transinsular.pt\/pt\/servicos\/","title":{"rendered":"Servi\u00e7os"},"content":{"rendered":"<p>[vc_row][vc_column][vc_column_text][\/vc_column_text][\/vc_column][\/vc_row][vc_row bg_image=&#8221;15647&#8243; bg_repeat=&#8221;repeat&#8221; parallax_bg=&#8221;true&#8221; bg_color=&#8221;#f9f9f9&#8243; top_padding=&#8221;230&#8243; bottom_padding=&#8221;230&#8243; class=&#8221;background-banner&#8221;][vc_column width=&#8221;1\/1&#8243;]<h1 class=\"headline font-special fontsize-xxxl fontweight-700 lh-14 align-center transform-uppercase \" style=\"margin: 0; color: #ffffff;\">SERVI\u00c7OS ADAPTADOS \u00c0S NECESSIDADES DE CARGA DOS NOSSOS CLIENTES<\/h1><div class=\"single_image wpb_content_element align-center   \" data-animation=\"none\" data-delay=\"0\"><img loading=\"lazy\" decoding=\"async\" width=\"178\" height=\"6\" src=\"https:\/\/www.transinsular.pt\/wp-content\/uploads\/2016\/06\/bandeira_titulos.png\" class=\"attachment-full\" alt=\"\" srcset=\"https:\/\/www.transinsular.pt\/wp-content\/uploads\/2016\/06\/bandeira_titulos.png 178w, https:\/\/www.transinsular.pt\/wp-content\/uploads\/2016\/06\/bandeira_titulos-150x6.png 150w\" sizes=\"auto, (max-width: 178px) 100vw, 178px\" \/><\/div>[\/vc_column][\/vc_row][vc_row type=&#8221;full_width_section&#8221; bg_color=&#8221;#003477&#8243; text_align=&#8221;center&#8221; top_padding=&#8221;30&#8243; bottom_padding=&#8221;30&#8243; row_id=&#8221;servicos-nacionais&#8221;][vc_column width=&#8221;1\/1&#8243;]<h2 class=\"headline font-inherit fontsize-l fontweight-700 lh-inherit align-center transform-uppercase \" style=\"margin: 0; color: #ffffff;\">Servi\u00e7os Nacionais<\/h2>[\/vc_column][\/vc_row][vc_row type=&#8221;full_width_section&#8221; class=&#8221;equal-height&#8221;][vc_column bg_color=&#8221;#ecf0f3&#8243; width=&#8221;1\/2&#8243;]<div class=\"single_image wpb_content_element align-center   \" data-animation=\"none\" data-delay=\"0\"><img loading=\"lazy\" decoding=\"async\" width=\"750\" height=\"337\" src=\"https:\/\/www.transinsular.pt\/wp-content\/uploads\/2018\/03\/Mapa-acores-expresso-A.jpg\" class=\"attachment-full\" alt=\"\" srcset=\"https:\/\/www.transinsular.pt\/wp-content\/uploads\/2018\/03\/Mapa-acores-expresso-A.jpg 750w, https:\/\/www.transinsular.pt\/wp-content\/uploads\/2018\/03\/Mapa-acores-expresso-A-300x135.jpg 300w\" sizes=\"auto, (max-width: 750px) 100vw, 750px\" \/><\/div><div class=\"minti_boxedholder   clearfix\" style=\"padding: 10px 60px 40px; margin: 0px 0px 0px 0px; \"><h4 class=\"headline font-inherit fontsize-m fontweight-600 lh-inherit align-left transform-uppercase \" style=\"margin: 0 0 20px;\">Transinsular Expresso +<\/h4><div class=\"headline font-inherit fontsize-inherit fontweight-inherit lh-inherit align-left transform-inherit services-text\" style=\"margin: 0;\">Tr\u00e1fego regular de carga contentorizada, geral e viaturas entre o Continente e todas as ilhas do arquip\u00e9lago dos A\u00e7ores \u2013 S. Miguel, Santa Maria, Terceira, Pico, Faial, S\u00e3o Jorge, Graciosa, Flores e Corvo, com sa\u00eddas semanais do Continente.<br \/>\nO servi\u00e7o Transinsular Expresso +, garante tamb\u00e9m a liga\u00e7\u00e3o regular entre os arquip\u00e9lagos dos A\u00e7ores e da Madeira, conforme programa\u00e7\u00e3o dispon\u00edvel.<br \/>\nConsulte os itiner\u00e1rios dispon\u00edveis e em caso de esclarecimento adicional ou para reserva de carga, contacte os nossos <a href=\"\/agentes\">agentes locais<\/a>.<\/div>[vc_row_inner el_class=&#8221;align-center button-row&#8221;][vc_column_inner width=&#8221;1\/2&#8243;]<a href=\"https:\/\/www.transinsular.pt\/wp-content\/uploads\/2026\/04\/AzoresExpress.pdf\" target=\"_blank\" class=\"button custom medium \" style=\"background-color: #003477; border-color: #003477;border-radius: 2px;\">Itiner\u00e1rios<\/a>[\/vc_column_inner][vc_column_inner width=&#8221;1\/2&#8243;]<a href=\"https:\/\/www.transinsular.pt\/wp-content\/uploads\/2025\/02\/DD-Nacional.pdf\" target=\"_self\" class=\"button custom medium \" style=\"background-color: #003477; border-color: #003477;border-radius: 2px;\">Sobretaxas e D&amp;D<\/a>[\/vc_column_inner][\/vc_row_inner]<\/div>[\/vc_column][vc_column bg_color=&#8221;#ffffff&#8221; width=&#8221;1\/2&#8243;]<div class=\"single_image wpb_content_element align-center   \" data-animation=\"none\" data-delay=\"0\"><img loading=\"lazy\" decoding=\"async\" width=\"750\" height=\"337\" src=\"https:\/\/www.transinsular.pt\/wp-content\/uploads\/2016\/06\/Mapa-Madeira-Expresso-A.jpg\" class=\"attachment-full\" alt=\"\" srcset=\"https:\/\/www.transinsular.pt\/wp-content\/uploads\/2016\/06\/Mapa-Madeira-Expresso-A.jpg 750w, https:\/\/www.transinsular.pt\/wp-content\/uploads\/2016\/06\/Mapa-Madeira-Expresso-A-300x135.jpg 300w\" sizes=\"auto, (max-width: 750px) 100vw, 750px\" \/><\/div><div class=\"minti_boxedholder   clearfix\" style=\"padding: 10px 60px 40px; margin: 0px 0px 0px 0px; \"><h4 class=\"headline font-inherit fontsize-m fontweight-600 lh-inherit align-left transform-uppercase \" style=\"margin: 0 0 20px;\">Madeira Expresso<\/h4><div class=\"headline font-inherit fontsize-inherit fontweight-inherit lh-inherit align-left transform-inherit services-text\" style=\"margin: 0;\">Atrav\u00e9s deste servi\u00e7o efetuamos transporte de Tr\u00e1fego regular de contentores \u201csecos\u201d e \u201cfrigor\u00edficos\u201d, viaturas e carga geral entre o Continente e o arquip\u00e9lago da Madeira \u2013 Madeira e Porto Santo, com duas sa\u00eddas semanais.<br \/>\nPara mais informa\u00e7\u00f5es e reserva de carga, favor contactar os nossos <a href=\"\/agentes\">agentes locais<\/a>.<\/div>[vc_row_inner el_class=&#8221;align-center button-row&#8221;][vc_column_inner width=&#8221;1\/2&#8243;]<a href=\"https:\/\/www.transinsular.pt\/wp-content\/uploads\/2026\/04\/MadeiraExpress.pdf\" target=\"_blank\" class=\"button custom medium \" style=\"background-color: #003477; border-color: #003477;border-radius: 2px;\">Itiner\u00e1rios<\/a>[\/vc_column_inner][vc_column_inner width=&#8221;1\/2&#8243;]<a href=\"https:\/\/www.transinsular.pt\/wp-content\/uploads\/2025\/02\/DD-Nacional.pdf\" target=\"_self\" class=\"button custom medium \" style=\"background-color: #003477; border-color: #003477;border-radius: 2px;\">Sobretaxas e D&amp;D<\/a>[\/vc_column_inner][\/vc_row_inner]<\/div>[\/vc_column][\/vc_row][vc_row type=&#8221;full_width_section&#8221; bg_color=&#8221;#003477&#8243; text_align=&#8221;center&#8221; top_padding=&#8221;30&#8243; bottom_padding=&#8221;30&#8243; row_id=&#8221;servicos-internacionais&#8221;][vc_column width=&#8221;1\/1&#8243;]<h2 class=\"headline font-inherit fontsize-l fontweight-700 lh-inherit align-center transform-uppercase \" style=\"margin: 0; color: #ffffff;\">Servi\u00e7os Internacionais<\/h2>[\/vc_column][\/vc_row][vc_row type=&#8221;full_width_section&#8221; class=&#8221;equal-height&#8221;][vc_column bg_color=&#8221;#ecf0f3&#8243; width=&#8221;1\/2&#8243;]<div class=\"single_image wpb_content_element align-center   \" data-animation=\"none\" data-delay=\"0\"><img loading=\"lazy\" decoding=\"async\" width=\"1024\" height=\"631\" src=\"https:\/\/www.transinsular.pt\/wp-content\/uploads\/2022\/08\/Mapa-New-Cabo-Verde-Expresso-1024x631.jpg\" class=\"attachment-full\" alt=\"\" srcset=\"https:\/\/www.transinsular.pt\/wp-content\/uploads\/2022\/08\/Mapa-New-Cabo-Verde-Expresso-1024x631.jpg 1024w, https:\/\/www.transinsular.pt\/wp-content\/uploads\/2022\/08\/Mapa-New-Cabo-Verde-Expresso-1024x631-300x185.jpg 300w, https:\/\/www.transinsular.pt\/wp-content\/uploads\/2022\/08\/Mapa-New-Cabo-Verde-Expresso-1024x631-768x473.jpg 768w\" sizes=\"auto, (max-width: 1024px) 100vw, 1024px\" \/><\/div><div class=\"minti_boxedholder   clearfix\" style=\"padding: 10px 60px 40px; margin: 0px 0px 0px 0px; \"><h4 class=\"headline font-inherit fontsize-m fontweight-600 lh-inherit align-left transform-uppercase \" style=\"margin: 0 0 20px;\">Cabo Verde Expresso 2.0<\/h4><div class=\"headline font-inherit fontsize-inherit fontweight-inherit lh-inherit align-left transform-inherit services-text\" style=\"margin: 0;\">Servi\u00e7o de linha regular, direto, com melhor transit-time do mercado ligando Portugal a Cabo Verde em 6 dias com viagens a cada 10 dias. Rota\u00e7\u00e3o Inter-ilhas em Cabo Verde que permite dar resposta ao mercado local bem como a cargas de importa\u00e7\u00e3o e exporta\u00e7\u00e3o.<br \/>\nConsulte os itiner\u00e1rios dispon\u00edveis e em caso de esclarecimento adicional ou para reserva de carga, contacte os nossos <a href=\"\/agentes\">agentes locais<\/a>.<\/div>[vc_row_inner el_class=&#8221;align-center button-row&#8221;][vc_column_inner width=&#8221;1\/2&#8243;]<a href=\"https:\/\/www.transinsular.pt\/wp-content\/uploads\/2026\/04\/SCHEDULE-CV-EXPRESSO.pdf\" target=\"_blank\" class=\"button custom medium \" style=\"background-color: #003477; border-color: #003477;border-radius: 2px;\">Itiner\u00e1rios<\/a>[\/vc_column_inner][vc_column_inner width=&#8221;1\/2&#8243;]<a href=\"https:\/\/www.transinsular.pt\/wp-content\/uploads\/2025\/11\/DD-Policy-2025_PT.pdf\" target=\"_self\" class=\"button custom medium \" style=\"background-color: #003477; border-color: #003477;border-radius: 2px;\">Sobretaxas e D&amp;D<\/a>[\/vc_column_inner][\/vc_row_inner]<\/div>[\/vc_column][vc_column bg_color=&#8221;#ffffff&#8221; width=&#8221;1\/2&#8243;]<div class=\"single_image wpb_content_element align-center   \" data-animation=\"none\" data-delay=\"0\"><img loading=\"lazy\" decoding=\"async\" class=\"\" src=\"https:\/\/www.transinsular.pt\/wp-content\/uploads\/2025\/11\/Itinerario-Site-1024x631.png\" width=\"1024\" height=\"631\" alt=\"Itiner\u00e1rio Site\" title=\"Itiner\u00e1rio Site\" \/><\/div><div class=\"minti_boxedholder   clearfix\" style=\"padding: 10px 60px 40px; margin: 0px 0px 0px 0px; \"><h4 class=\"headline font-inherit fontsize-m fontweight-600 lh-inherit align-left transform-uppercase \" style=\"margin: 0 0 20px;\">Transinsular Maroc Express<\/h4><div class=\"headline font-inherit fontsize-inherit fontweight-inherit lh-inherit align-left transform-inherit services-text\" style=\"margin: 0;\">Servi\u00e7o de linha regular, direto, com melhor transit-time do mercado ligando Portugal a Marrocos. Viagens semanais a sair quinta-feira de Leix\u00f5es e sexta-feira de Lisboa a chegar em Casablanca no domingo.<br \/>\nPara mais informa\u00e7\u00f5es e reserva de carga, favor contactar os nossos <a href=\"\/agentes\">agentes locais<\/a>.<\/div>[vc_row_inner el_class=&#8221;align-center button-row&#8221;][vc_column_inner width=&#8221;1\/2&#8243;]<a href=\"https:\/\/www.transinsular.pt\/wp-content\/uploads\/2026\/04\/MarocExpress.pdf\" target=\"_blank\" class=\"button custom medium \" style=\"background-color: #003477; border-color: #003477;border-radius: 2px;\">Itiner\u00e1rios<\/a>[\/vc_column_inner][vc_column_inner width=&#8221;1\/2&#8243;]<a href=\"https:\/\/www.transinsular.pt\/wp-content\/uploads\/2025\/11\/DD-Policy-2025_PT.pdf\" target=\"_self\" class=\"button custom medium \" style=\"background-color: #003477; border-color: #003477;border-radius: 2px;\">Sobretaxas e D&amp;D<\/a>[\/vc_column_inner][\/vc_row_inner]<\/div>[\/vc_column][\/vc_row][vc_row bg_color=&#8221;#9cc0d8&#8243; text_align=&#8221;center&#8221; top_padding=&#8221;30&#8243; bottom_padding=&#8221;30&#8243;][vc_column width=&#8221;1\/1&#8243;]<h4 class=\"headline font-inherit fontsize-l fontweight-600 lh-inherit align-center transform-inherit \" style=\"margin: 0 0 10px; color: #ffffff;\">Aviso aos Consumidores<\/h4><h1 class=\"headline font-inherit fontsize-inherit fontweight-inherit lh-inherit align-center transform-inherit \" style=\"margin: 0; color: #ffffff;\">Nos termos da Lei n.\u00ba 144\/2015 de 8 de Setembro, informamos que em caso de lit\u00edgio de consumo, o consumidor pode recorrer ao <a href=\"http:\/\/www.centroarbitragemlisboa.pt\">Centro de Arbitragem de Conflitos de Consumo de Lisboa<\/a> \/ Rua dos Douradores, 116, 2\u00ba \u2013 1100-207 LISBOA; Telefone: +351 218 807 030 \/ Fax: +351 218 807 038.<br \/>\nPara mais informa\u00e7\u00f5es consulte o Portal do Consumidor em <a href=\"www.consumidor.pt\">www.consumidor.pt<\/a>.<\/h1>[\/vc_column][\/vc_row][vc_row type=&#8221;full_width_section&#8221; bg_image=&#8221;15687&#8243; bg_repeat=&#8221;no-repeat&#8221; top_padding=&#8221;200&#8243; bottom_padding=&#8221;200&#8243; class=&#8221;background-banner&#8221; row_id=&#8221;requisito-viaturas&#8221;][vc_column width=&#8221;1\/1&#8243;][\/vc_column][\/vc_row][vc_row bg_color=&#8221;#ffffff&#8221; top_padding=&#8221;40&#8243; bottom_padding=&#8221;40&#8243;][vc_column width=&#8221;1\/1&#8243;]<h1 class=\"headline font-special fontsize-xxl fontweight-700 lh-14 align-center transform-uppercase \" style=\"margin: 0; color: #003477;\">REQUISITOS GERAIS PARA TRANSPORTE DE VIATURAS<\/h1><div class=\"single_image wpb_content_element align-center   \" data-animation=\"none\" data-delay=\"0\"><img loading=\"lazy\" decoding=\"async\" width=\"178\" height=\"6\" src=\"https:\/\/www.transinsular.pt\/wp-content\/uploads\/2016\/06\/bandeira_titulos_azul.png\" class=\"attachment-full\" alt=\"\" srcset=\"https:\/\/www.transinsular.pt\/wp-content\/uploads\/2016\/06\/bandeira_titulos_azul.png 178w, https:\/\/www.transinsular.pt\/wp-content\/uploads\/2016\/06\/bandeira_titulos_azul-150x6.png 150w\" sizes=\"auto, (max-width: 178px) 100vw, 178px\" \/><\/div><h2 class=\"headline font-inherit fontsize-m fontweight-400 lh-inherit align-center transform-inherit \" style=\"margin: -20px 0 20px 0; color: #003477;\">Viaturas\/Auto Expresso para A\u00e7ores\/Madeira<br \/>\n<\/h2>[vc_column_text]<\/p>\n<p style=\"text-align: justify;\">Verifique as datas de sa\u00eddas dos nossos navios nos nossos itiner\u00e1rios em <a href=\"https:\/\/transinsular.pt\/pt\/servicos\/\">Servi\u00e7os &#8211; Transinsular<\/a>.<\/p>\n<p>[\/vc_column_text]<h4 class=\"headline font-inherit fontsize-s fontweight-700 lh-inherit align-center transform-inherit \" style=\"margin: -20px 0;\">Procedimento simplificado para embarcar connosco a sua viatura<\/h4>[\/vc_column][\/vc_row][vc_row][vc_column width=&#8221;1\/2&#8243;][vc_column_text]<\/p>\n<p style=\"text-align: justify;\"><strong>A Reserva de Embarque<\/strong><\/p>\n<p style=\"text-align: justify;\">Para reserva de embarque, envie por e-mail os seguintes elementos:<\/p>\n<ul>\n<li style=\"text-align: justify;\">Livrete e Registo de Propriedade do ve\u00edculo<\/li>\n<li style=\"text-align: justify;\">Detalhes do Carregador: Nome, Morada e Contacto (email e telefone)<\/li>\n<li style=\"text-align: justify;\">Detalhes do Recebedor: Nome, morada e contacto (email e telefone)<\/li>\n<li style=\"text-align: justify;\">Detalhes de fatura\u00e7\u00e3o: Nome, morada, NIF e contacto (email e telefone)<\/li>\n<li>Porto de origem e porto de destino<\/li>\n<\/ul>\n<p>Para mais informa\u00e7\u00e3o por favor <a href=\"\/ajuda\/#contactos\">contacte-nos<\/a>\u00a0ou consulte as nossas <a href=\"#\">FAQ&#8217;s<\/a><\/p>\n<p>&nbsp;<\/p>\n<p>Para fazer o transporte da sua viatura em<strong> Flatcar<\/strong>\u00a0contacte por favor a <a href=\"http:\/\/www.ete-logistica.pt\/\">ETE Log\u00edstica<\/a>.<\/p>\n<p>[\/vc_column_text][\/vc_column][vc_column width=&#8221;1\/2&#8243;][vc_column_text]<\/p>\n<p style=\"text-align: justify;\"><strong>A Entrega das Viaturas<\/strong><\/p>\n<p style=\"text-align: justify;\">Ap\u00f3s confirma\u00e7\u00e3o de aceita\u00e7\u00e3o para embarque, as viaturas dever\u00e3o ser entregues no respetivo Terminal Portu\u00e1rio.<\/p>\n<p>Em Lisboa:<br \/>\n<strong>TSA-Terminal de Santa Apol\u00f3nia<\/strong><br \/>\nRua da Cintura do Porto, 10<br \/>\n1900-264 Lisboa<br \/>\nTelefone: +351 211 128 000<br \/>\nGPS: N38\u00ba43&amp;#39;07 W009\u00ba06&amp;#39;59<\/p>\n<p>Hor\u00e1rio de funcionamento: 2\u00aa a 5\u00aa Feira 08:30\/11:30 13:30\/16:30<\/p>\n<p>Em Leix\u00f5es:<br \/>\n<strong>Ylport Leix\u00f5es<\/strong><br \/>\nR. Mouzinho de Albuquerque 13<br \/>\n4450-204 Matosinhos<br \/>\nTelefone: +351 229 394 100[\/vc_column_text][\/vc_column][\/vc_row][vc_row top_padding=&#8221;40&#8243; bottom_padding=&#8221;40&#8243;][vc_column width=&#8221;1\/2&#8243;][\/vc_column][vc_column width=&#8221;1\/2&#8243;][\/vc_column][\/vc_row][vc_row type=&#8221;full_width_section&#8221; bg_image=&#8221;15709&#8243; bg_repeat=&#8221;no-repeat&#8221; top_padding=&#8221;200&#8243; bottom_padding=&#8221;200&#8243; class=&#8221;background-banner&#8221; row_id=&#8221;requisito-gado&#8221;][vc_column width=&#8221;1\/1&#8243;][\/vc_column][\/vc_row][vc_row bg_color=&#8221;#ecf0f3&#8243; top_padding=&#8221;40&#8243; bg_position=&#8221;left top&#8221;][vc_column width=&#8221;1\/1&#8243;]<h1 class=\"headline font-special fontsize-xxl fontweight-700 lh-14 align-center transform-uppercase \" style=\"margin: 0; color: #003477;\">REQUISITOS GERAIS PARA TRANSPORTE DE GADO<\/h1><div class=\"single_image wpb_content_element align-center   \" data-animation=\"none\" data-delay=\"0\"><img loading=\"lazy\" decoding=\"async\" width=\"178\" height=\"6\" src=\"https:\/\/www.transinsular.pt\/wp-content\/uploads\/2016\/06\/bandeira_titulos_azul.png\" class=\"attachment-full\" alt=\"\" srcset=\"https:\/\/www.transinsular.pt\/wp-content\/uploads\/2016\/06\/bandeira_titulos_azul.png 178w, https:\/\/www.transinsular.pt\/wp-content\/uploads\/2016\/06\/bandeira_titulos_azul-150x6.png 150w\" sizes=\"auto, (max-width: 178px) 100vw, 178px\" \/><\/div>[\/vc_column][\/vc_row][vc_row bg_color=&#8221;#9cc0d8&#8243; top_padding=&#8221;20&#8243;][vc_column width=&#8221;1\/1&#8243;][vc_column_text]A Transinsular est\u00e1 autorizada pela DGAV (Dire\u00e7\u00e3o Geral de Alimenta\u00e7\u00e3o e Veterin\u00e1ria) para o transporte mar\u00edtimo de animais vivos, encontrando-se os seus contentores devidamente certificados pela mesma para o transporte de gado vivo: bovinos, ovinos, caprinos, equ\u00eddeos e su\u00ednos.<\/p>\n<p style=\"text-align: justify;\">O transporte de gado vivo por via mar\u00edtima enquadra-se segundo a lei em vigor:<\/p>\n<ul>\n<li style=\"text-align: justify;\">Dec-Lei 158\/2008 de 8 de agosto<\/li>\n<li style=\"text-align: justify;\">Dec-Lei 265\/2007 de 24 de julho<\/li>\n<li style=\"text-align: justify;\">Regulamento (CE) n.\u00ba 1\/2005, do Conselho de 22 de Dezembro de 2004<\/li>\n<li style=\"text-align: justify;\">Marpol 73\/78 Anexo V<\/li>\n<\/ul>\n<p>Para mais informa\u00e7\u00f5es <a href=\"https:\/\/transinsular.pt\/pt\/ajuda\/#contactos\">contacte-nos<\/a>[\/vc_column_text][\/vc_column][\/vc_row][vc_row bg_color=&#8221;#ecf0f3&#8243; top_padding=&#8221;40&#8243; bottom_padding=&#8221;40&#8243;][vc_column width=&#8221;1\/3&#8243;][\/vc_column][vc_column width=&#8221;1\/3&#8243;][\/vc_column][\/vc_row][vc_row bg_image=&#8221;15711&#8243; parallax_bg=&#8221;true&#8221; bg_color=&#8221;#ecf0f3&#8243; top_padding=&#8221;80&#8243; bottom_padding=&#8221;40&#8243;][vc_column width=&#8221;1\/1&#8243;]<div class=\"minti_carousel  grab-false dots\" data-columns=\"3\" data-tabletcolumns=\"2\" data-nav=\"false\" data-pagination=\"true\" data-autoplay=\"false\" data-animationtime=\"4000\"><div class=\"imagebox wpb_content_element style-2\"><div class=\"imagebox-img\"><a href='http:\/\/transinsular.pt\/faqs\/'><img decoding=\"async\" src=\"https:\/\/www.transinsular.pt\/wp-content\/uploads\/2016\/06\/faqs.jpg\" alt=\"\" \/><\/a><\/div>\n<h3>FAQS<\/h3>\n<p><a href=\"http:\/\/transinsular.pt\/faqs\/\">Saber mais<\/a><\/div><div class=\"imagebox wpb_content_element style-2\"><div class=\"imagebox-img\"><a href='http:\/\/transinsular.pt\/glossario\/'><img decoding=\"async\" src=\"https:\/\/www.transinsular.pt\/wp-content\/uploads\/2016\/06\/glossario.jpg\" alt=\"\" \/><\/a><\/div>\n<h3>GLOSS\u00c1RIO<\/h3>\n<p><a href=\"http:\/\/transinsular.pt\/glossario\/\">Saber mais<\/a><\/div><div class=\"imagebox wpb_content_element style-2\"><div class=\"imagebox-img\"><a href='#support'><img decoding=\"async\" src=\"https:\/\/www.transinsular.pt\/wp-content\/uploads\/2016\/06\/ajuda_online.jpg\" alt=\"\" \/><\/a><\/div>\n<h3>AJUDA ONLINE<\/h3>\n<p><a href=\"#support\">Saber mais<\/a><\/div><\/div>[\/vc_column][\/vc_row][vc_row][vc_column][vc_column_text][\/vc_column_text][\/vc_column][\/vc_row]<\/p>","protected":false},"excerpt":{"rendered":"<p>[vc_row][vc_column][vc_column_text][\/vc_column_text][\/vc_column][\/vc_row][vc_row bg_image=&#8221;15647&#8243; bg_repeat=&#8221;repeat&#8221; parallax_bg=&#8221;true&#8221; bg_color=&#8221;#f9f9f9&#8243; top_padding=&#8221;230&#8243; bottom_padding=&#8221;230&#8243; class=&#8221;background-banner&#8221;][vc_column width=&#8221;1\/1&#8243;][\/vc_column][\/vc_row][vc_row type=&#8221;full_width_section&#8221; bg_color=&#8221;#003477&#8243; text_align=&#8221;center&#8221; top_padding=&#8221;30&#8243; bottom_padding=&#8221;30&#8243; row_id=&#8221;servicos-nacionais&#8221;][vc_column width=&#8221;1\/1&#8243;][\/vc_column][\/vc_row][vc_row type=&#8221;full_width_section&#8221; class=&#8221;equal-height&#8221;][vc_column bg_color=&#8221;#ecf0f3&#8243; width=&#8221;1\/2&#8243;][\/vc_column][vc_column bg_color=&#8221;#ffffff&#8221; width=&#8221;1\/2&#8243;][\/vc_column][\/vc_row][vc_row type=&#8221;full_width_section&#8221; bg_color=&#8221;#003477&#8243; text_align=&#8221;center&#8221; top_padding=&#8221;30&#8243; bottom_padding=&#8221;30&#8243; row_id=&#8221;servicos-internacionais&#8221;][vc_column width=&#8221;1\/1&#8243;][\/vc_column][\/vc_row][vc_row type=&#8221;full_width_section&#8221; class=&#8221;equal-height&#8221;][vc_column bg_color=&#8221;#ecf0f3&#8243; width=&#8221;1\/2&#8243;][\/vc_column][vc_column bg_color=&#8221;#ffffff&#8221; width=&#8221;1\/2&#8243;][\/vc_column][\/vc_row][vc_row bg_color=&#8221;#9cc0d8&#8243; text_align=&#8221;center&#8221; top_padding=&#8221;30&#8243; bottom_padding=&#8221;30&#8243;][vc_column width=&#8221;1\/1&#8243;][\/vc_column][\/vc_row][vc_row type=&#8221;full_width_section&#8221; bg_image=&#8221;15687&#8243; bg_repeat=&#8221;no-repeat&#8221; top_padding=&#8221;200&#8243; bottom_padding=&#8221;200&#8243; class=&#8221;background-banner&#8221; row_id=&#8221;requisito-viaturas&#8221;][vc_column width=&#8221;1\/1&#8243;][\/vc_column][\/vc_row][vc_row bg_color=&#8221;#ffffff&#8221; top_padding=&#8221;40&#8243; bottom_padding=&#8221;40&#8243;][vc_column width=&#8221;1\/1&#8243;][vc_column_text] Verifique as datas de sa\u00eddas dos nossos navios nos nossos itiner\u00e1rios em Servi\u00e7os &#8211; Transinsular. [\/vc_column_text][\/vc_column][\/vc_row][vc_row][vc_column width=&#8221;1\/2&#8243;][vc_column_text] A Reserva de Embarque Para reserva de embarque, envie por e-mail os seguintes elementos: Livrete e Registo de Propriedade do ve\u00edculo Detalhes do Carregador: Nome, Morada e Contacto (email e telefone) Detalhes do Recebedor: Nome, morada e contacto (email e telefone) Detalhes de fatura\u00e7\u00e3o: Nome, morada, NIF e contacto (email e telefone) Porto de origem e porto de destino Para mais informa\u00e7\u00e3o por favor contacte-nos\u00a0ou consulte as nossas FAQ&#8217;s &nbsp; Para fazer o transporte da sua viatura em Flatcar\u00a0contacte por favor a ETE Log\u00edstica. [\/vc_column_text][\/vc_column][vc_column width=&#8221;1\/2&#8243;][vc_column_text] A Entrega das Viaturas Ap\u00f3s confirma\u00e7\u00e3o de aceita\u00e7\u00e3o para embarque, as viaturas dever\u00e3o ser entregues no respetivo Terminal Portu\u00e1rio. Em Lisboa: TSA-Terminal de Santa Apol\u00f3nia Rua da Cintura do Porto, 10 1900-264 Lisboa Telefone: +351 211 128 000 GPS: N38\u00ba43&amp;#39;07 W009\u00ba06&amp;#39;59 Hor\u00e1rio de funcionamento: 2\u00aa [&hellip;]<\/p>\n","protected":false},"author":8,"featured_media":0,"parent":0,"menu_order":0,"comment_status":"closed","ping_status":"closed","template":"","meta":{"_exactmetrics_skip_tracking":false,"_exactmetrics_sitenote_active":false,"_exactmetrics_sitenote_note":"","_exactmetrics_sitenote_category":0,"footnotes":"","_links_to":"","_links_to_target":""},"class_list":["post-15444","page","type-page","status-publish","hentry"],"_links":{"self":[{"href":"https:\/\/www.transinsular.pt\/pt\/wp-json\/wp\/v2\/pages\/15444","targetHints":{"allow":["GET"]}}],"collection":[{"href":"https:\/\/www.transinsular.pt\/pt\/wp-json\/wp\/v2\/pages"}],"about":[{"href":"https:\/\/www.transinsular.pt\/pt\/wp-json\/wp\/v2\/types\/page"}],"author":[{"embeddable":true,"href":"https:\/\/www.transinsular.pt\/pt\/wp-json\/wp\/v2\/users\/8"}],"replies":[{"embeddable":true,"href":"https:\/\/www.transinsular.pt\/pt\/wp-json\/wp\/v2\/comments?post=15444"}],"version-history":[{"count":1144,"href":"https:\/\/www.transinsular.pt\/pt\/wp-json\/wp\/v2\/pages\/15444\/revisions"}],"predecessor-version":[{"id":93554,"href":"https:\/\/www.transinsular.pt\/pt\/wp-json\/wp\/v2\/pages\/15444\/revisions\/93554"}],"wp:attachment":[{"href":"https:\/\/www.transinsular.pt\/pt\/wp-json\/wp\/v2\/media?parent=15444"}],"curies":[{"name":"wp","href":"https:\/\/api.w.org\/{rel}","templated":true}]}}