{"id":15446,"date":"2016-06-20T14:31:35","date_gmt":"2016-06-20T13:31:35","guid":{"rendered":"http:\/\/transinsular.pt\/?page_id=15446"},"modified":"2024-10-01T15:30:45","modified_gmt":"2024-10-01T14:30:45","slug":"equipamentos","status":"publish","type":"page","link":"https:\/\/www.transinsular.pt\/pt\/equipamentos\/","title":{"rendered":"Equipamentos"},"content":{"rendered":"<p>[vc_row bg_image=&#8221;15624&#8243; bg_repeat=&#8221;repeat&#8221; parallax_bg=&#8221;true&#8221; bg_color=&#8221;#f9f9f9&#8243; top_padding=&#8221;260&#8243; bottom_padding=&#8221;260&#8243; class=&#8221;background-banner&#8221;][vc_column width=&#8221;1\/1&#8243;]<h1 class=\"headline font-special fontsize-xxxl fontweight-700 lh-14 align-center transform-uppercase \" style=\"margin: 0; color: #ffffff;\">EQUIPAMENTOS AJUSTADOS \u00c0 SUA CARGA<\/h1><div class=\"single_image wpb_content_element align-center   \" data-animation=\"none\" data-delay=\"0\"><img loading=\"lazy\" decoding=\"async\" width=\"178\" height=\"6\" src=\"https:\/\/www.transinsular.pt\/wp-content\/uploads\/2016\/06\/bandeira_titulos.png\" class=\"attachment-full\" alt=\"\" srcset=\"https:\/\/www.transinsular.pt\/wp-content\/uploads\/2016\/06\/bandeira_titulos.png 178w, https:\/\/www.transinsular.pt\/wp-content\/uploads\/2016\/06\/bandeira_titulos-150x6.png 150w\" sizes=\"auto, (max-width: 178px) 100vw, 178px\" \/><\/div>[\/vc_column][\/vc_row][vc_row bg_color=&#8221;#ECF0F3&#8243; top_padding=&#8221;40&#8243; row_id=&#8221;tipologia&#8221; bg_position=&#8221;left top&#8221;][vc_column width=&#8221;1\/1&#8243;]<h1 class=\"headline font-special fontsize-xxl fontweight-700 lh-14 align-center transform-uppercase \" style=\"margin: 0; color: #003477;\">TIPOLOGIA DE CONTENTORES<\/h1><div class=\"single_image wpb_content_element align-center   \" data-animation=\"none\" data-delay=\"0\"><img loading=\"lazy\" decoding=\"async\" width=\"178\" height=\"6\" src=\"https:\/\/www.transinsular.pt\/wp-content\/uploads\/2016\/06\/bandeira_titulos_azul.png\" class=\"attachment-full\" alt=\"\" srcset=\"https:\/\/www.transinsular.pt\/wp-content\/uploads\/2016\/06\/bandeira_titulos_azul.png 178w, https:\/\/www.transinsular.pt\/wp-content\/uploads\/2016\/06\/bandeira_titulos_azul-150x6.png 150w\" sizes=\"auto, (max-width: 178px) 100vw, 178px\" \/><\/div>[\/vc_column][\/vc_row][vc_row bg_color=&#8221;#ecf0f3&#8243; top_padding=&#8221;20&#8243; bottom_padding=&#8221;20&#8243; class=&#8221;hide-on-mobile&#8221; bg_position=&#8221;left top&#8221;][vc_column width=&#8221;1\/2&#8243;][vc_column_text]A Transinsular opera atualmente uma frota de cerca de 7.000 contentores.<\/p>\n<p>Dispomos de contentores de 20 e 40 p\u00e9s de comprimento, de v\u00e1rias tipologias: Reefer, High Cube, Palletwide, Open Side, Open Top, Plataforma, Flat Car, Flat Racks e Bulk. Temos vasta experi\u00eancia no desenvolvimento de prot\u00f3tipos de contentores para transporte de cargas com requisitos espec\u00edficos.[\/vc_column_text][\/vc_column][vc_column width=&#8221;1\/2&#8243;][vc_column_text]Desenhamos solu\u00e7\u00f5es inovadoras para o transporte de carga especial, ajustados \u00e1s necessidades especificas da mesma.<\/p>\n<p>Todo o nosso equipamento cumpre os requisitos ISO e os mais exigentes regulamentos de seguran\u00e7a.[\/vc_column_text][\/vc_column][\/vc_row][vc_row bg_color=&#8221;#ecf0f3&#8243; top_padding=&#8221;20&#8243; bottom_padding=&#8221;20&#8243; class=&#8221;hide-on-desktop show-on-mobile&#8221; bg_position=&#8221;left top&#8221;][vc_column width=&#8221;1\/1&#8243;][vc_column_text]A Transinsular opera atualmente uma frota de cerca de 7.000 contentores.<\/p>\n<p>Dispomos de contentores de 20 e 40 p\u00e9s de comprimento, das mais variadas tipologias: Reefer, High Cube, Palletwide, Open Side, Open Top, Plataforma, Flat Racks, Flat Car e Bulk. Temos vasta experi\u00eancia no desenvolvimento de prot\u00f3tipos de contentores para transporte de cargas com requisitos espec\u00edficos e no desenho de solu\u00e7\u00f5es inovadoras para o transporte de carga especial.<\/p>\n<p>Todo o nosso equipamento cumpre os requisitos ISO e os mais exigentes regulamentos de seguran\u00e7a.[\/vc_column_text][\/vc_column][\/vc_row][vc_row bg_color=&#8221;#ecf0f3&#8243; top_padding=&#8221;40&#8243; bottom_padding=&#8221;40&#8243;][vc_column width=&#8221;1\/1&#8243;]<div class=\"minti_carousel bigger grab-true dots\" data-columns=\"3\" data-tabletcolumns=\"2\" data-nav=\"false\" data-pagination=\"true\" data-autoplay=\"true\" data-animationtime=\"4000\"><div class=\"imagebox wpb_content_element style-2\"><div class=\"imagebox-img\"><img decoding=\"async\" src=\"https:\/\/www.transinsular.pt\/wp-content\/uploads\/2016\/06\/dry-van.jpg\" alt=\"\" \/><\/div>\n<h3>Bulk<\/h3>\n<p>Contentor usado para o transporte e armazenagem de fluidos e mat\u00e9rias a granel, tais como gran\u00e9is s\u00f3lidos, cereais, entre outros.<\/div><div class=\"imagebox wpb_content_element style-2\"><div class=\"imagebox-img\"><img decoding=\"async\" src=\"https:\/\/www.transinsular.pt\/wp-content\/uploads\/2021\/04\/HCPW-20-1-e1617793299174.jpg\" alt=\"\" \/><\/div>\n<h3>Dry Palletwide<\/h3>\n<p>Est\u00e3o dispon\u00edveis em 20 p\u00e9s e 40 p\u00e9s e por serem mais largos s\u00e3o ideias para transporte de paletes completas de produtos (Pallet Wide de 40 p\u00e9s pode transportar at\u00e9 mais 2 a 6 paletes que um Dry Van Normal equivalente).<\/div><div class=\"imagebox wpb_content_element style-2\"><div class=\"imagebox-img\"><img decoding=\"async\" src=\"https:\/\/www.transinsular.pt\/wp-content\/uploads\/2016\/06\/open-side.jpg\" alt=\"\" \/><\/div>\n<h3>Open Side<\/h3>\n<p>Os contentores com portas ao longo do seu comprimento que abrem para fora e s\u00e3o por isso adequados ao transporte de gado, batatas e gran\u00e9is s\u00f3lidos.<\/div><div class=\"imagebox wpb_content_element style-2\"><div class=\"imagebox-img\"><img decoding=\"async\" src=\"https:\/\/www.transinsular.pt\/wp-content\/uploads\/2016\/06\/flat-track.jpg\" alt=\"\" \/><\/div>\n<h3>Platform\/Flat rack<\/h3>\n<p>Estes Contentores possuem apenas duas paredes frontais, facilitando o carregamento pelo topo ou pelas laterais abertas, estando assim projetados para o transporte de cargas pesadas, compridas ou de formato irregular. S\u00e3o o ideal para o transporte de tubos, m\u00e1quinas e outros.<\/div><div class=\"imagebox wpb_content_element style-2\"><div class=\"imagebox-img\"><img decoding=\"async\" src=\"https:\/\/www.transinsular.pt\/wp-content\/uploads\/2021\/04\/2AA5056-e1617793355814.jpg\" alt=\"\" \/><\/div>\n<h3>Reefer High Cube<\/h3>\n<p>S\u00e3o Contentores frigor\u00edficos mais altos que os normais, dispon\u00edveis em 20 p\u00e9s e 40 p\u00e9s, e por isso com capacidade de carga superior.<\/div><div class=\"imagebox wpb_content_element style-2\"><div class=\"imagebox-img\"><img decoding=\"async\" src=\"https:\/\/www.transinsular.pt\/wp-content\/uploads\/2016\/06\/open-top.jpg\" alt=\"\" \/><\/div>\n<h3>Open Top<\/h3>\n<p>S\u00e3o contentores com topo remov\u00edvel, dispon\u00edveis em 20 p\u00e9s e 40 p\u00e9s, permitindo que a carga seja carregada por cima. S\u00e3o o ideal para transporte de pedra, areia ou carga que excede as medidas normais.<\/div><div class=\"imagebox wpb_content_element style-2\"><div class=\"imagebox-img\"><img decoding=\"async\" src=\"https:\/\/www.transinsular.pt\/wp-content\/uploads\/2021\/04\/servicos3-e1617793423423.jpg\" alt=\"\" \/><\/div>\n<h3>Flat Car<\/h3>\n<p>Consiste numa flat (plataforma) com estrutura pr\u00f3pria para transporte de viaturas.<\/div><div class=\"imagebox wpb_content_element style-2\"><div class=\"imagebox-img\"><img decoding=\"async\" src=\"https:\/\/www.transinsular.pt\/wp-content\/uploads\/2021\/04\/HCPW-20-1-1-e1617793371160.jpg\" alt=\"\" \/><\/div>\n<h3>\u00a0Pallet wide Reefer<\/h3>\n<p>S\u00e3o Contentores frigor\u00edficos, dispon\u00edveis em 20 p\u00e9s e 40 p\u00e9s, usados para transportar carga perec\u00edvel que requer condi\u00e7\u00f5es de temperatura controlada, tal como: vegetais, fruta, peixe, carne, vinhos, produtos farmac\u00eauticos, entre outros.<\/div><div class=\"imagebox wpb_content_element style-2\"><div class=\"imagebox-img\"><img decoding=\"async\" src=\"https:\/\/www.transinsular.pt\/wp-content\/uploads\/2021\/04\/40CPC-03-e1617793337393.jpg\" alt=\"\" \/><\/div>\n<h3>Dry High Cube<\/h3>\n<p>S\u00e3o contentores mais altos que os Dry Van normais, estando dispon\u00edveis em 20 p\u00e9s e 40 p\u00e9s, e por isso ideais para transporte de mais carga em altura.<\/div><\/div>[\/vc_column][\/vc_row][vc_row bg_color=&#8221;#ecf0f3&#8243; bottom_padding=&#8221;40&#8243;][vc_column text_align=&#8221;center&#8221; width=&#8221;1\/1&#8243;][vc_column_text]Observa\u00e7\u00f5es:<\/p>\n<p>Para conhecer todas as nossas tipologias de contentores e obter mais detalhes\/dimens\u00f5es dispon\u00edveis fa\u00e7a <a href=\"https:\/\/transinsular.pt\/wp-content\/uploads\/2021\/12\/Container-specifications.pdf\"> download do PDF<\/a>.<br \/>\nOs valores apresentados s\u00e3o informativos. Para mais informa\u00e7\u00f5es <a href=\"http:\/\/transinsular.pt\/pt\/ajuda\/#contactos\">contacte-nos<\/a>.<br \/>\nContentores Open Side: Certificados para o transporte de Gado vivo (su\u00ednos, caprinos, ovinos, bovinos, equ\u00eddeos). Para saber mais detalhes\u00a0<a href=\"http:\/\/transinsular.pt\/pt\/servicos\/#requisito-gado\">clicar aqui<\/a>.[\/vc_column_text][\/vc_column][\/vc_row][vc_row bg_image=&#8221;15636&#8243; bg_repeat=&#8221;repeat&#8221; parallax_bg=&#8221;true&#8221; bg_color=&#8221;#f9f9f9&#8243; top_padding=&#8221;40&#8243; bottom_padding=&#8221;40&#8243; row_id=&#8221;frota&#8221;][vc_column width=&#8221;1\/1&#8243;]<h1 class=\"headline font-special fontsize-xxl fontweight-700 lh-14 align-center transform-uppercase \" style=\"margin: 0; color: #ffffff;\">FROTA DE NAVIOS<\/h1><div class=\"single_image wpb_content_element align-center   \" data-animation=\"none\" data-delay=\"0\"><img loading=\"lazy\" decoding=\"async\" width=\"178\" height=\"6\" src=\"https:\/\/www.transinsular.pt\/wp-content\/uploads\/2016\/06\/bandeira_titulos.png\" class=\"attachment-full\" alt=\"\" srcset=\"https:\/\/www.transinsular.pt\/wp-content\/uploads\/2016\/06\/bandeira_titulos.png 178w, https:\/\/www.transinsular.pt\/wp-content\/uploads\/2016\/06\/bandeira_titulos-150x6.png 150w\" sizes=\"auto, (max-width: 178px) 100vw, 178px\" \/><\/div><div class=\"minti_carousel  grab-true dots\" data-columns=\"3\" data-tabletcolumns=\"2\" data-nav=\"false\" data-pagination=\"true\" data-autoplay=\"true\" data-animationtime=\"4000\"><div class=\"imagebox wpb_content_element style-2\"><div class=\"imagebox-img\"><img decoding=\"async\" src=\"https:\/\/www.transinsular.pt\/wp-content\/uploads\/2020\/10\/monte-brasil..jpg\" alt=\"\" \/><\/div>MONTE BRASIL<\/p>\n<p>Built: 1994<br \/>\nIMO Nr: 9083055<br \/>\nTipo: Porta Contentores<br \/>\nBandeira: Portugal (MAR)<br \/>\nDWAT: 8846 T<br \/>\nLOA: 126,25<\/div><div class=\"imagebox wpb_content_element style-2\"><div class=\"imagebox-img\"><img decoding=\"async\" src=\"https:\/\/www.transinsular.pt\/wp-content\/uploads\/2016\/06\/Monte-da-Guia.jpg\" alt=\"\" \/><\/div>MONTE DA GUIA<\/p>\n<p>Built: 1995<br \/>\nIMO Nr: 9123788<br \/>\nTipo: Porta Contentores<br \/>\nBandeira: Portugal (MAR)<br \/>\nDWAT: 8846 T<br \/>\nLOA: 126,25<\/div><div class=\"imagebox wpb_content_element style-2\"><div class=\"imagebox-img\"><img decoding=\"async\" src=\"https:\/\/www.transinsular.pt\/wp-content\/uploads\/2016\/06\/ponta-do-sol.jpg\" alt=\"\" \/><\/div>PONTA DO SOL<\/p>\n<p>Built: 1997<br \/>\nIMO Nr: 9141613<br \/>\nTipo: Porta Contentores<br \/>\nBandeira: Portugal (MAR)<br \/>\nDWAT: 4912 T<br \/>\nLOA: 100,62<\/div><div class=\"imagebox wpb_content_element style-2\"><div class=\"imagebox-img\"><img decoding=\"async\" src=\"https:\/\/www.transinsular.pt\/wp-content\/uploads\/2020\/10\/insular-e1602262068660.jpg\" alt=\"\" \/><\/div>INSULAR<\/p>\n<p>Built: 1998<br \/>\nIMO Nr: 9150420<br \/>\nTipo: Porta Contentores<br \/>\nBandeira: Portugal (MAR)<br \/>\nDWAT: 6715 T<br \/>\nLOA: 119,80<\/div><div class=\"imagebox wpb_content_element style-2\"><div class=\"imagebox-img\"><img decoding=\"async\" src=\"https:\/\/www.transinsular.pt\/wp-content\/uploads\/2018\/04\/IMG-20180416-WA0002-2.jpg\" alt=\"\" \/><\/div>LAGOA<\/p>\n<p>Built: 1997<br \/>\nIMO Nr: 9150470<br \/>\nTipo: Porta Contentores<br \/>\nBandeira: Cabo Verde (S. Vicente)<br \/>\nDWAT: 5003 T<br \/>\nLOA 100,60<\/div><div class=\"imagebox wpb_content_element style-2\"><div class=\"imagebox-img\"><img decoding=\"async\" src=\"https:\/\/www.transinsular.pt\/wp-content\/uploads\/2020\/10\/sao-jorge.jpg\" alt=\"\" \/><\/div>S\u00c3O JORGE<\/p>\n<p>Built: 2010<br \/>\nIMO Nr: 9479644<br \/>\nTipo: Navio tanque<br \/>\nBandeira: Portugal (Mar)<br \/>\nDWAT: 3074 T<br \/>\nLOA: 84,98<\/div><div class=\"imagebox wpb_content_element style-2\"><div class=\"imagebox-img\"><img decoding=\"async\" src=\"https:\/\/www.transinsular.pt\/wp-content\/uploads\/2020\/10\/malena-1.jpg\" alt=\"\" \/><\/div>MARGARETHE<\/p>\n<p>Built: 2007<br \/>\nIMO Nr: 9375886<br \/>\nTipo: Porta contentores<br \/>\nBandeira: Antigua Barbuda (AG)<br \/>\nDWAT: 3342 T<br \/>\nLOA: 86,53<\/div><div class=\"imagebox wpb_content_element style-2\"><div class=\"imagebox-img\"><img decoding=\"async\" src=\"https:\/\/www.transinsular.pt\/wp-content\/uploads\/2020\/11\/ilha-da-madeira-2.jpg\" alt=\"\" \/><\/div>ILHA DA MADEIRA<\/p>\n<p>Built: 2007<br \/>\nIMO Nr: 9341976<br \/>\nTipo: Porta contentores<br \/>\nBandeira: Portugal (MAR)<br \/>\nDWAT: 8200 T<br \/>\nLOA: 129,6<\/div><\/div>[\/vc_column][\/vc_row][vc_row bg_color=&#8221;#ecf0f3&#8243; top_padding=&#8221;40&#8243; bottom_padding=&#8221;40&#8243;][vc_column width=&#8221;1\/6&#8243;][\/vc_column][vc_column text_align=&#8221;center&#8221; width=&#8221;2\/3&#8243;][vc_row_inner el_class=&#8221;buttons&#8221;][vc_column_inner]<a href=\"http:\/\/transinsular.pt\/pedido-cotacao\/\" target=\"_self\" class=\"button custom large \" style=\"background-color: #003477; border-color: #003477;border-radius: 2px;\">Pedir Cota\u00e7\u00e3o<\/a>[\/vc_column_inner][\/vc_row_inner][\/vc_column][vc_column bg_color=&#8221;#ecf0f3&#8243; width=&#8221;1\/6&#8243;][\/vc_column][\/vc_row]<\/p>","protected":false},"excerpt":{"rendered":"<p>[vc_row bg_image=&#8221;15624&#8243; bg_repeat=&#8221;repeat&#8221; parallax_bg=&#8221;true&#8221; bg_color=&#8221;#f9f9f9&#8243; top_padding=&#8221;260&#8243; bottom_padding=&#8221;260&#8243; class=&#8221;background-banner&#8221;][vc_column width=&#8221;1\/1&#8243;][\/vc_column][\/vc_row][vc_row bg_color=&#8221;#ECF0F3&#8243; top_padding=&#8221;40&#8243; row_id=&#8221;tipologia&#8221; bg_position=&#8221;left top&#8221;][vc_column width=&#8221;1\/1&#8243;][\/vc_column][\/vc_row][vc_row bg_color=&#8221;#ecf0f3&#8243; top_padding=&#8221;20&#8243; bottom_padding=&#8221;20&#8243; class=&#8221;hide-on-mobile&#8221; bg_position=&#8221;left top&#8221;][vc_column width=&#8221;1\/2&#8243;][vc_column_text]A Transinsular opera atualmente uma frota de cerca de 7.000 contentores. Dispomos de contentores de 20 e 40 p\u00e9s de comprimento, de v\u00e1rias tipologias: Reefer, High Cube, Palletwide, Open Side, Open Top, Plataforma, Flat Car, Flat Racks e Bulk. Temos vasta experi\u00eancia no desenvolvimento de prot\u00f3tipos de contentores para transporte de cargas com requisitos espec\u00edficos.[\/vc_column_text][\/vc_column][vc_column width=&#8221;1\/2&#8243;][vc_column_text]Desenhamos solu\u00e7\u00f5es inovadoras para o transporte de carga especial, ajustados \u00e1s necessidades especificas da mesma. Todo o nosso equipamento cumpre os requisitos ISO e os mais exigentes regulamentos de seguran\u00e7a.[\/vc_column_text][\/vc_column][\/vc_row][vc_row bg_color=&#8221;#ecf0f3&#8243; top_padding=&#8221;20&#8243; bottom_padding=&#8221;20&#8243; class=&#8221;hide-on-desktop show-on-mobile&#8221; bg_position=&#8221;left top&#8221;][vc_column width=&#8221;1\/1&#8243;][vc_column_text]A Transinsular opera atualmente uma frota de cerca de 7.000 contentores. Dispomos de contentores de 20 e 40 p\u00e9s de comprimento, das mais variadas tipologias: Reefer, High Cube, Palletwide, Open Side, Open Top, Plataforma, Flat Racks, Flat Car e Bulk. Temos vasta experi\u00eancia no desenvolvimento de prot\u00f3tipos de contentores para transporte de cargas com requisitos espec\u00edficos e no desenho de solu\u00e7\u00f5es inovadoras para o transporte de carga especial. Todo o nosso equipamento cumpre os requisitos ISO e os mais exigentes regulamentos de seguran\u00e7a.[\/vc_column_text][\/vc_column][\/vc_row][vc_row bg_color=&#8221;#ecf0f3&#8243; top_padding=&#8221;40&#8243; bottom_padding=&#8221;40&#8243;][vc_column width=&#8221;1\/1&#8243;][\/vc_column][\/vc_row][vc_row [&hellip;]<\/p>\n","protected":false},"author":8,"featured_media":0,"parent":0,"menu_order":0,"comment_status":"closed","ping_status":"closed","template":"","meta":{"_exactmetrics_skip_tracking":false,"_exactmetrics_sitenote_active":false,"_exactmetrics_sitenote_note":"","_exactmetrics_sitenote_category":0,"footnotes":"","_links_to":"","_links_to_target":""},"class_list":["post-15446","page","type-page","status-publish","hentry"],"_links":{"self":[{"href":"https:\/\/www.transinsular.pt\/pt\/wp-json\/wp\/v2\/pages\/15446","targetHints":{"allow":["GET"]}}],"collection":[{"href":"https:\/\/www.transinsular.pt\/pt\/wp-json\/wp\/v2\/pages"}],"about":[{"href":"https:\/\/www.transinsular.pt\/pt\/wp-json\/wp\/v2\/types\/page"}],"author":[{"embeddable":true,"href":"https:\/\/www.transinsular.pt\/pt\/wp-json\/wp\/v2\/users\/8"}],"replies":[{"embeddable":true,"href":"https:\/\/www.transinsular.pt\/pt\/wp-json\/wp\/v2\/comments?post=15446"}],"version-history":[{"count":183,"href":"https:\/\/www.transinsular.pt\/pt\/wp-json\/wp\/v2\/pages\/15446\/revisions"}],"predecessor-version":[{"id":77515,"href":"https:\/\/www.transinsular.pt\/pt\/wp-json\/wp\/v2\/pages\/15446\/revisions\/77515"}],"wp:attachment":[{"href":"https:\/\/www.transinsular.pt\/pt\/wp-json\/wp\/v2\/media?parent=15446"}],"curies":[{"name":"wp","href":"https:\/\/api.w.org\/{rel}","templated":true}]}}