{"id":16678,"date":"2016-07-07T10:11:42","date_gmt":"2016-07-07T09:11:42","guid":{"rendered":"http:\/\/transinsular.pt\/?page_id=16678"},"modified":"2021-03-18T12:52:54","modified_gmt":"2021-03-18T11:52:54","slug":"graneis","status":"publish","type":"page","link":"https:\/\/www.transinsular.pt\/pt\/graneis\/","title":{"rendered":"Gran\u00e9is"},"content":{"rendered":"<p>[vc_row type=&#8221;full_width_section&#8221; bg_image=&#8221;15624&#8243; bg_repeat=&#8221;no-repeat&#8221; top_padding=&#8221;200&#8243; bottom_padding=&#8221;200&#8243; class=&#8221;background-banner&#8221;][vc_column width=&#8221;1\/1&#8243;][\/vc_column][\/vc_row][vc_row top_padding=&#8221;40&#8243; bottom_padding=&#8221;40&#8243;][vc_column width=&#8221;1\/6&#8243;][\/vc_column][vc_column width=&#8221;2\/3&#8243;]<h1 class=\"headline font-special fontsize-xxl fontweight-700 lh-14 align-center transform-uppercase \" style=\"margin: 0; color: #003477;\">Gran\u00e9is<\/h1><div class=\"single_image wpb_content_element align-center   \" data-animation=\"none\" data-delay=\"0\"><img loading=\"lazy\" decoding=\"async\" width=\"178\" height=\"6\" src=\"https:\/\/www.transinsular.pt\/wp-content\/uploads\/2016\/06\/bandeira_titulos_azul.png\" class=\"attachment-full\" alt=\"\" srcset=\"https:\/\/www.transinsular.pt\/wp-content\/uploads\/2016\/06\/bandeira_titulos_azul.png 178w, https:\/\/www.transinsular.pt\/wp-content\/uploads\/2016\/06\/bandeira_titulos_azul-150x6.png 150w\" sizes=\"auto, (max-width: 178px) 100vw, 178px\" \/><\/div>[vc_column_text css_animation=&#8221;none&#8221;]<\/p>\n<p style=\"text-align: justify;\">Este servi\u00e7o abrange o transporte de carga n\u00e3o contentorizada, homog\u00e9nea ou n\u00e3o, sem itiner\u00e1rios nem regularidade pr\u00e9-definida e tem por base o princ\u00edpio \u201cuma carga, um navio\u201d.<\/p>\n<p style=\"text-align: justify;\">Assenta em contratos de transporte de longa dura\u00e7\u00e3o ou de transporte espor\u00e1dico para determinada mercadoria face \u00e0s necessidades dos clientes.<\/p>\n<p style=\"text-align: justify;\">Neste servi\u00e7o s\u00e3o operados navios auto-descarregadores e convencionais para o transporte de gran\u00e9is s\u00f3lidos (cimento, ferro, cereais, areia, madeira, entre outros) e um navio tanque para a distribui\u00e7\u00e3o de combust\u00edveis l\u00edquidos na Regi\u00e3o Aut\u00f3noma dos A\u00e7ores (inter-ilhas).<\/p>\n<p>&nbsp;<\/p>\n<p style=\"text-align: justify;\"><img loading=\"lazy\" decoding=\"async\" class=\"alignleft wp-image-38781 size-thumbnail\" src=\"https:\/\/transinsular.pt\/wp-content\/uploads\/2021\/03\/Sjorge3-228x228.jpg\" alt=\"\" width=\"228\" height=\"228\" srcset=\"https:\/\/www.transinsular.pt\/wp-content\/uploads\/2021\/03\/Sjorge3-228x228.jpg 228w, https:\/\/www.transinsular.pt\/wp-content\/uploads\/2021\/03\/Sjorge3-80x80.jpg 80w, https:\/\/www.transinsular.pt\/wp-content\/uploads\/2021\/03\/Sjorge3-500x500.jpg 500w\" sizes=\"auto, (max-width: 228px) 100vw, 228px\" \/><img loading=\"lazy\" decoding=\"async\" class=\"alignleft wp-image-38782 size-thumbnail\" src=\"https:\/\/transinsular.pt\/wp-content\/uploads\/2021\/03\/Sjorge6-228x228.jpg\" alt=\"\" width=\"228\" height=\"228\" srcset=\"https:\/\/www.transinsular.pt\/wp-content\/uploads\/2021\/03\/Sjorge6-228x228.jpg 228w, https:\/\/www.transinsular.pt\/wp-content\/uploads\/2021\/03\/Sjorge6-80x80.jpg 80w, https:\/\/www.transinsular.pt\/wp-content\/uploads\/2021\/03\/Sjorge6-500x500.jpg 500w\" sizes=\"auto, (max-width: 228px) 100vw, 228px\" \/><img loading=\"lazy\" decoding=\"async\" class=\"alignleft wp-image-38783 size-thumbnail\" src=\"https:\/\/transinsular.pt\/wp-content\/uploads\/2021\/03\/Sjorge11-228x228.jpg\" alt=\"\" width=\"228\" height=\"228\" srcset=\"https:\/\/www.transinsular.pt\/wp-content\/uploads\/2021\/03\/Sjorge11-228x228.jpg 228w, https:\/\/www.transinsular.pt\/wp-content\/uploads\/2021\/03\/Sjorge11-80x80.jpg 80w, https:\/\/www.transinsular.pt\/wp-content\/uploads\/2021\/03\/Sjorge11-500x500.jpg 500w\" sizes=\"auto, (max-width: 228px) 100vw, 228px\" \/><\/p>\n<p>[\/vc_column_text][\/vc_column][vc_column width=&#8221;1\/6&#8243;][\/vc_column][\/vc_row]<\/p>","protected":false},"excerpt":{"rendered":"<p>[vc_row type=&#8221;full_width_section&#8221; bg_image=&#8221;15624&#8243; bg_repeat=&#8221;no-repeat&#8221; top_padding=&#8221;200&#8243; bottom_padding=&#8221;200&#8243; class=&#8221;background-banner&#8221;][vc_column width=&#8221;1\/1&#8243;][\/vc_column][\/vc_row][vc_row top_padding=&#8221;40&#8243; bottom_padding=&#8221;40&#8243;][vc_column width=&#8221;1\/6&#8243;][\/vc_column][vc_column width=&#8221;2\/3&#8243;][vc_column_text css_animation=&#8221;none&#8221;] Este servi\u00e7o abrange o transporte de carga n\u00e3o contentorizada, homog\u00e9nea ou n\u00e3o, sem itiner\u00e1rios nem regularidade pr\u00e9-definida e tem por base o princ\u00edpio \u201cuma carga, um navio\u201d. Assenta em contratos de transporte de longa dura\u00e7\u00e3o ou de transporte espor\u00e1dico para determinada mercadoria face \u00e0s necessidades dos clientes. Neste servi\u00e7o s\u00e3o operados navios auto-descarregadores e convencionais para o transporte de gran\u00e9is s\u00f3lidos (cimento, ferro, cereais, areia, madeira, entre outros) e um navio tanque para a distribui\u00e7\u00e3o de combust\u00edveis l\u00edquidos na Regi\u00e3o Aut\u00f3noma dos A\u00e7ores (inter-ilhas). &nbsp; [\/vc_column_text][\/vc_column][vc_column width=&#8221;1\/6&#8243;][\/vc_column][\/vc_row]<\/p>\n","protected":false},"author":8,"featured_media":0,"parent":0,"menu_order":0,"comment_status":"closed","ping_status":"closed","template":"","meta":{"_exactmetrics_skip_tracking":false,"_exactmetrics_sitenote_active":false,"_exactmetrics_sitenote_note":"","_exactmetrics_sitenote_category":0,"footnotes":"","_links_to":"","_links_to_target":""},"class_list":["post-16678","page","type-page","status-publish","hentry"],"_links":{"self":[{"href":"https:\/\/www.transinsular.pt\/pt\/wp-json\/wp\/v2\/pages\/16678","targetHints":{"allow":["GET"]}}],"collection":[{"href":"https:\/\/www.transinsular.pt\/pt\/wp-json\/wp\/v2\/pages"}],"about":[{"href":"https:\/\/www.transinsular.pt\/pt\/wp-json\/wp\/v2\/types\/page"}],"author":[{"embeddable":true,"href":"https:\/\/www.transinsular.pt\/pt\/wp-json\/wp\/v2\/users\/8"}],"replies":[{"embeddable":true,"href":"https:\/\/www.transinsular.pt\/pt\/wp-json\/wp\/v2\/comments?post=16678"}],"version-history":[{"count":15,"href":"https:\/\/www.transinsular.pt\/pt\/wp-json\/wp\/v2\/pages\/16678\/revisions"}],"predecessor-version":[{"id":38784,"href":"https:\/\/www.transinsular.pt\/pt\/wp-json\/wp\/v2\/pages\/16678\/revisions\/38784"}],"wp:attachment":[{"href":"https:\/\/www.transinsular.pt\/pt\/wp-json\/wp\/v2\/media?parent=16678"}],"curies":[{"name":"wp","href":"https:\/\/api.w.org\/{rel}","templated":true}]}}